{"id":6308,"date":"2026-01-18T19:32:22","date_gmt":"2026-01-18T18:32:22","guid":{"rendered":"https:\/\/www.tenisdolnilhota.cz\/?page_id=6308"},"modified":"2026-01-25T09:44:40","modified_gmt":"2026-01-25T08:44:40","slug":"akce","status":"publish","type":"page","link":"https:\/\/www.tenisdolnilhota.cz\/index.php\/akce\/","title":{"rendered":"Akce"},"content":{"rendered":"\n<div class=\"wp-block-uagb-container uagb-block-d33f4b2f default uagb-is-root-container\">\n\t\t\t<div class=\"wp-block-uagb-post-grid uagb-post-grid  uagb-post__image-position-top uagb-post__image-enabled uagb-block-edec81c3     uagb-post__items uagb-post__columns-3 is-grid uagb-post__columns-tablet-2 uagb-post__columns-mobile-1 uagb-post__equal-height\" data-total=\"1\" style=\"\">\n\n\t\t\t\t\t\t\t\t\t\t\t\t<article class=\"uagb-post__inner-wrap\">\t\t\t\t\t\t\t\t<div class='uagb-post__image'>\n\t\t\t\t\t\t\t\t\t<a href=\"https:\/\/www.tenisdolnilhota.cz\/index.php\/2026\/03\/19\/tradicni-prespavacka-v-hale-je-za-nami\/\" target=\"_self\" rel=\"bookmark noopener noreferrer\" class='uagb-image-ratio-inherit'><img loading=\"lazy\" decoding=\"async\" width=\"1024\" height=\"768\" src=\"https:\/\/www.tenisdolnilhota.cz\/wp-content\/uploads\/2026\/03\/Nocovani_1-1024x768.jpeg\" class=\"attachment-large size-large\" alt=\"\" srcset=\"https:\/\/www.tenisdolnilhota.cz\/wp-content\/uploads\/2026\/03\/Nocovani_1-1024x768.jpeg 1024w, https:\/\/www.tenisdolnilhota.cz\/wp-content\/uploads\/2026\/03\/Nocovani_1-300x225.jpeg 300w, https:\/\/www.tenisdolnilhota.cz\/wp-content\/uploads\/2026\/03\/Nocovani_1-768x576.jpeg 768w, https:\/\/www.tenisdolnilhota.cz\/wp-content\/uploads\/2026\/03\/Nocovani_1-1536x1152.jpeg 1536w, https:\/\/www.tenisdolnilhota.cz\/wp-content\/uploads\/2026\/03\/Nocovani_1.jpeg 1600w\" sizes=\"auto, (max-width: 1024px) 100vw, 1024px\" \/>\t\t\t\t\t<\/a>\n\t\t\t\t\t\t\t<\/div>\n\t\t\t\t\t\t<h4 class=\"uagb-post__title uagb-post__text\">\n\t\t\t\t<a href=\"https:\/\/www.tenisdolnilhota.cz\/index.php\/2026\/03\/19\/tradicni-prespavacka-v-hale-je-za-nami\/\" target=\"_self\" rel=\"bookmark noopener noreferrer\">Tradi\u010dn\u00ed p\u0159esp\u00e1va\u010dka v hale je za n\u00e1mi!<\/a>\n\t\t\t<\/h4>\n\t\t\t\t\t\t<div class='uagb-post__text uagb-post-grid-byline'>\n\t\t\t\t\t\t\t\t<time datetime=\"2026-03-19T16:10:30+01:00\" class=\"uagb-post__date\">\n\t\t\t\t\t\t\t\t\t19.3.2026\t\t\t\t<\/time>\n\t\t\t\t\t\t<\/div>\n\t\t\t\t\t\t\t<div class='uagb-post__text uagb-post__excerpt'>\n\t\t\t\t\t<p>Na konci zimn\u00ed sez\u00f3ny jsme si s d\u011btmi op\u011bt u\u017eili na\u0161i obl\u00edbenou klubovou akci \u2013&#8230;\t\t\t\t<\/div>\n\t\t\t\t\t\t<div class=\"uagb-post__text uagb-post__cta wp-block-button\">\n\t\t\t\t<a class=\"wp-block-button__link uagb-text-link\" style=\"\" href=\"https:\/\/www.tenisdolnilhota.cz\/index.php\/2026\/03\/19\/tradicni-prespavacka-v-hale-je-za-nami\/\" target=\"_self\" rel=\"bookmark noopener noreferrer\">\u010c\u00edst v\u00edce<\/a>\n\t\t\t<\/div>\n\t\t\t\n\t\t\t\t\t\t\t\t\t<\/article>\n\t\t\t\t\t\t\t\t\t\t\t\t\t\t\t\t<article class=\"uagb-post__inner-wrap\">\t\t\t\t\t\t\t\t<div class='uagb-post__image'>\n\t\t\t\t\t\t\t\t\t<a href=\"https:\/\/www.tenisdolnilhota.cz\/index.php\/2026\/01\/18\/vanocni-tenisova-besidka\/\" target=\"_self\" rel=\"bookmark noopener noreferrer\" class='uagb-image-ratio-inherit'><img loading=\"lazy\" decoding=\"async\" width=\"1024\" height=\"768\" src=\"https:\/\/www.tenisdolnilhota.cz\/wp-content\/uploads\/2026\/01\/AkceKlubu-1024x768.jpeg\" class=\"attachment-large size-large\" alt=\"\" srcset=\"https:\/\/www.tenisdolnilhota.cz\/wp-content\/uploads\/2026\/01\/AkceKlubu-1024x768.jpeg 1024w, https:\/\/www.tenisdolnilhota.cz\/wp-content\/uploads\/2026\/01\/AkceKlubu-300x225.jpeg 300w, https:\/\/www.tenisdolnilhota.cz\/wp-content\/uploads\/2026\/01\/AkceKlubu-768x576.jpeg 768w, https:\/\/www.tenisdolnilhota.cz\/wp-content\/uploads\/2026\/01\/AkceKlubu-1536x1152.jpeg 1536w, https:\/\/www.tenisdolnilhota.cz\/wp-content\/uploads\/2026\/01\/AkceKlubu.jpeg 1600w\" sizes=\"auto, (max-width: 1024px) 100vw, 1024px\" \/>\t\t\t\t\t<\/a>\n\t\t\t\t\t\t\t<\/div>\n\t\t\t\t\t\t<h4 class=\"uagb-post__title uagb-post__text\">\n\t\t\t\t<a href=\"https:\/\/www.tenisdolnilhota.cz\/index.php\/2026\/01\/18\/vanocni-tenisova-besidka\/\" target=\"_self\" rel=\"bookmark noopener noreferrer\">V\u00e1no\u010dn\u00ed tenisov\u00e1 bes\u00eddka<\/a>\n\t\t\t<\/h4>\n\t\t\t\t\t\t<div class='uagb-post__text uagb-post-grid-byline'>\n\t\t\t\t\t\t\t\t<time datetime=\"2026-01-18T21:20:40+01:00\" class=\"uagb-post__date\">\n\t\t\t\t\t\t\t\t\t18.1.2026\t\t\t\t<\/time>\n\t\t\t\t\t\t<\/div>\n\t\t\t\t\t\t\t<div class='uagb-post__text uagb-post__excerpt'>\n\t\t\t\t\t<p>V pond\u011bl\u00ed 22. 12. 2025 uspo\u0159\u00e1dal n\u00e1\u0161 tenisov\u00fd klub pro d\u011bti V\u00e1no\u010dn\u00ed tenisovou bes\u00eddku. Odpoledne&#8230;\t\t\t\t<\/div>\n\t\t\t\t\t\t<div class=\"uagb-post__text uagb-post__cta wp-block-button\">\n\t\t\t\t<a class=\"wp-block-button__link uagb-text-link\" style=\"\" href=\"https:\/\/www.tenisdolnilhota.cz\/index.php\/2026\/01\/18\/vanocni-tenisova-besidka\/\" target=\"_self\" rel=\"bookmark noopener noreferrer\">\u010c\u00edst v\u00edce<\/a>\n\t\t\t<\/div>\n\t\t\t\n\t\t\t\t\t\t\t\t\t<\/article>\n\t\t\t\t\t\t\t\t\t\t\t<\/div>\n\t\t\t<\/div>\n","protected":false},"excerpt":{"rendered":"","protected":false},"author":2,"featured_media":0,"parent":0,"menu_order":0,"comment_status":"closed","ping_status":"closed","template":"","meta":{"_uag_custom_page_level_css":"","_monsterinsights_skip_tracking":false,"_monsterinsights_sitenote_active":false,"_monsterinsights_sitenote_note":"","_monsterinsights_sitenote_category":0,"footnotes":""},"class_list":["post-6308","page","type-page","status-publish","hentry"],"yoast_head":"<!-- This site is optimized with the Yoast SEO plugin v23.4 - https:\/\/yoast.com\/wordpress\/plugins\/seo\/ -->\n<title>Akce - Tenisov\u00fd odd\u00edl - TJ SOKOL Doln\u00ed Lhota<\/title>\n<meta name=\"robots\" content=\"index, follow, max-snippet:-1, max-image-preview:large, max-video-preview:-1\" \/>\n<link rel=\"canonical\" href=\"https:\/\/www.tenisdolnilhota.cz\/index.php\/akce\/\" \/>\n<meta property=\"og:locale\" content=\"cs_CZ\" \/>\n<meta property=\"og:type\" content=\"article\" \/>\n<meta property=\"og:title\" content=\"Akce - Tenisov\u00fd odd\u00edl - TJ SOKOL Doln\u00ed Lhota\" \/>\n<meta property=\"og:url\" content=\"https:\/\/www.tenisdolnilhota.cz\/index.php\/akce\/\" \/>\n<meta property=\"og:site_name\" content=\"Tenisov\u00fd odd\u00edl - TJ SOKOL Doln\u00ed Lhota\" \/>\n<meta property=\"article:modified_time\" content=\"2026-01-25T08:44:40+00:00\" \/>\n<meta name=\"twitter:card\" content=\"summary_large_image\" \/>\n<script type=\"application\/ld+json\" class=\"yoast-schema-graph\">{\"@context\":\"https:\/\/schema.org\",\"@graph\":[{\"@type\":\"WebPage\",\"@id\":\"https:\/\/www.tenisdolnilhota.cz\/index.php\/akce\/\",\"url\":\"https:\/\/www.tenisdolnilhota.cz\/index.php\/akce\/\",\"name\":\"Akce - Tenisov\u00fd odd\u00edl - TJ SOKOL Doln\u00ed Lhota\",\"isPartOf\":{\"@id\":\"https:\/\/www.tenisdolnilhota.cz\/#website\"},\"datePublished\":\"2026-01-18T18:32:22+00:00\",\"dateModified\":\"2026-01-25T08:44:40+00:00\",\"breadcrumb\":{\"@id\":\"https:\/\/www.tenisdolnilhota.cz\/index.php\/akce\/#breadcrumb\"},\"inLanguage\":\"cs\",\"potentialAction\":[{\"@type\":\"ReadAction\",\"target\":[\"https:\/\/www.tenisdolnilhota.cz\/index.php\/akce\/\"]}]},{\"@type\":\"BreadcrumbList\",\"@id\":\"https:\/\/www.tenisdolnilhota.cz\/index.php\/akce\/#breadcrumb\",\"itemListElement\":[{\"@type\":\"ListItem\",\"position\":1,\"name\":\"Dom\u016f\",\"item\":\"https:\/\/www.tenisdolnilhota.cz\/\"},{\"@type\":\"ListItem\",\"position\":2,\"name\":\"Akce\"}]},{\"@type\":\"WebSite\",\"@id\":\"https:\/\/www.tenisdolnilhota.cz\/#website\",\"url\":\"https:\/\/www.tenisdolnilhota.cz\/\",\"name\":\"Tenisov\u00fd odd\u00edl - TJ SOKOL Doln\u00ed Lhota\",\"description\":\"\",\"potentialAction\":[{\"@type\":\"SearchAction\",\"target\":{\"@type\":\"EntryPoint\",\"urlTemplate\":\"https:\/\/www.tenisdolnilhota.cz\/?s={search_term_string}\"},\"query-input\":{\"@type\":\"PropertyValueSpecification\",\"valueRequired\":true,\"valueName\":\"search_term_string\"}}],\"inLanguage\":\"cs\"}]}<\/script>\n<!-- \/ Yoast SEO plugin. -->","yoast_head_json":{"title":"Akce - Tenisov\u00fd odd\u00edl - TJ SOKOL Doln\u00ed Lhota","robots":{"index":"index","follow":"follow","max-snippet":"max-snippet:-1","max-image-preview":"max-image-preview:large","max-video-preview":"max-video-preview:-1"},"canonical":"https:\/\/www.tenisdolnilhota.cz\/index.php\/akce\/","og_locale":"cs_CZ","og_type":"article","og_title":"Akce - Tenisov\u00fd odd\u00edl - TJ SOKOL Doln\u00ed Lhota","og_url":"https:\/\/www.tenisdolnilhota.cz\/index.php\/akce\/","og_site_name":"Tenisov\u00fd odd\u00edl - TJ SOKOL Doln\u00ed Lhota","article_modified_time":"2026-01-25T08:44:40+00:00","twitter_card":"summary_large_image","schema":{"@context":"https:\/\/schema.org","@graph":[{"@type":"WebPage","@id":"https:\/\/www.tenisdolnilhota.cz\/index.php\/akce\/","url":"https:\/\/www.tenisdolnilhota.cz\/index.php\/akce\/","name":"Akce - Tenisov\u00fd odd\u00edl - TJ SOKOL Doln\u00ed Lhota","isPartOf":{"@id":"https:\/\/www.tenisdolnilhota.cz\/#website"},"datePublished":"2026-01-18T18:32:22+00:00","dateModified":"2026-01-25T08:44:40+00:00","breadcrumb":{"@id":"https:\/\/www.tenisdolnilhota.cz\/index.php\/akce\/#breadcrumb"},"inLanguage":"cs","potentialAction":[{"@type":"ReadAction","target":["https:\/\/www.tenisdolnilhota.cz\/index.php\/akce\/"]}]},{"@type":"BreadcrumbList","@id":"https:\/\/www.tenisdolnilhota.cz\/index.php\/akce\/#breadcrumb","itemListElement":[{"@type":"ListItem","position":1,"name":"Dom\u016f","item":"https:\/\/www.tenisdolnilhota.cz\/"},{"@type":"ListItem","position":2,"name":"Akce"}]},{"@type":"WebSite","@id":"https:\/\/www.tenisdolnilhota.cz\/#website","url":"https:\/\/www.tenisdolnilhota.cz\/","name":"Tenisov\u00fd odd\u00edl - TJ SOKOL Doln\u00ed Lhota","description":"","potentialAction":[{"@type":"SearchAction","target":{"@type":"EntryPoint","urlTemplate":"https:\/\/www.tenisdolnilhota.cz\/?s={search_term_string}"},"query-input":{"@type":"PropertyValueSpecification","valueRequired":true,"valueName":"search_term_string"}}],"inLanguage":"cs"}]}},"uagb_featured_image_src":{"full":false,"thumbnail":false,"medium":false,"medium_large":false,"large":false,"1536x1536":false,"2048x2048":false,"widget-thumb":false,"sow-carousel-default":false},"uagb_author_info":{"display_name":"Michal Opat","author_link":"https:\/\/www.tenisdolnilhota.cz\/index.php\/author\/opat\/"},"uagb_comment_info":0,"uagb_excerpt":null,"_links":{"self":[{"href":"https:\/\/www.tenisdolnilhota.cz\/index.php\/wp-json\/wp\/v2\/pages\/6308","targetHints":{"allow":["GET"]}}],"collection":[{"href":"https:\/\/www.tenisdolnilhota.cz\/index.php\/wp-json\/wp\/v2\/pages"}],"about":[{"href":"https:\/\/www.tenisdolnilhota.cz\/index.php\/wp-json\/wp\/v2\/types\/page"}],"author":[{"embeddable":true,"href":"https:\/\/www.tenisdolnilhota.cz\/index.php\/wp-json\/wp\/v2\/users\/2"}],"replies":[{"embeddable":true,"href":"https:\/\/www.tenisdolnilhota.cz\/index.php\/wp-json\/wp\/v2\/comments?post=6308"}],"version-history":[{"count":13,"href":"https:\/\/www.tenisdolnilhota.cz\/index.php\/wp-json\/wp\/v2\/pages\/6308\/revisions"}],"predecessor-version":[{"id":6363,"href":"https:\/\/www.tenisdolnilhota.cz\/index.php\/wp-json\/wp\/v2\/pages\/6308\/revisions\/6363"}],"wp:attachment":[{"href":"https:\/\/www.tenisdolnilhota.cz\/index.php\/wp-json\/wp\/v2\/media?parent=6308"}],"curies":[{"name":"wp","href":"https:\/\/api.w.org\/{rel}","templated":true}]}}