{"id":62,"date":"2017-09-05T21:56:48","date_gmt":"2017-09-05T19:56:48","guid":{"rendered":"https:\/\/172.20.10.17\/?page_id=62"},"modified":"2025-10-19T20:58:08","modified_gmt":"2025-10-19T18:58:08","slug":"kontakty","status":"publish","type":"page","link":"https:\/\/www.tenisdolnilhota.cz\/index.php\/kontakty\/","title":{"rendered":"Kontakty"},"content":{"rendered":"<div id=\"pl-62\"  class=\"panel-layout\" ><div id=\"pg-62-0\"  class=\"panel-grid panel-no-style\" ><div id=\"pgc-62-0-0\"  class=\"panel-grid-cell\" ><div id=\"panel-62-0-0-0\" class=\"so-panel widget widget_sow-editor panel-first-child panel-last-child\" data-index=\"0\" ><div\n\t\t\t\n\t\t\tclass=\"so-widget-sow-editor so-widget-sow-editor-base\"\n\t\t\t\n\t\t>\n<div class=\"siteorigin-widget-tinymce textwidget\">\n\t<p><strong>Hlavn\u00ed tren\u00e9r a kontaktn\u00ed osoba klubu u \u010cesk\u00e9ho tenisov\u00e9ho svazu:<\/strong><\/p>\n<p>Ing. Ji\u0159\u00ed V\u00fdtisk<\/p>\n<p>Tel: +420\u00a0774\u00a0450 812<\/p>\n<p>e-mail:\u00a0<a href=\"mailto:Jiri.Vytisk@seznam.cz\">Jiri.Vytisk@seznam.cz<\/a><\/p>\n<p><strong>Tren\u00e9\u0159i:<\/strong><\/p>\n<table style=\"border-spacing: 7px;\">\n<tbody>\n<tr>\n<td>Martin M\u00ed\u010dek<\/td>\n<td>+420 733 156 168<\/td>\n<\/tr>\n<tr>\n<td>Mgr. P\u0159emysl Hanzal<\/td>\n<td>+420 606 509 791<\/td>\n<\/tr>\n<tr>\n<td>Bc. Adam V\u00e1lek<\/td>\n<td>+420 739 882 057<\/td>\n<\/tr>\n<tr>\n<td>Mgr. Nikola Mrowiecov\u00e1<\/td>\n<td>+420 603 353 322<\/td>\n<\/tr>\n<\/tbody>\n<\/table>\n<p><strong>Klub<\/strong><\/p>\n<p>TJ SOKOL DOLN\u00cd LHOTA, z.s.<\/p>\n<p>Odd\u00edl tenisu<\/p>\n<p>Sportovn\u00ed 82, 747 66 Doln\u00ed Lhota<\/p>\n<p>I\u010c: 47810114<\/p>\n<\/div>\n<\/div><\/div><\/div><div id=\"pgc-62-0-1\"  class=\"panel-grid-cell\" ><div id=\"panel-62-0-1-0\" class=\"so-panel widget widget_sow-google-map panel-first-child panel-last-child\" data-index=\"1\" ><div\n\t\t\t\n\t\t\tclass=\"so-widget-sow-google-map so-widget-sow-google-map-default-6b23895f316e-62\"\n\t\t\t\n\t\t>\n<div class=\"sow-google-map-canvas\"\n\tstyle=\"\"\n\tid=\"map-canvas-d07e19b1162e315a8ab79aac97b50139\"\n\tdata-options=\"{&quot;address&quot;:&quot;Sportovn\\u00ed 82, 747 66 Doln\\u00ed Lhota, \\u010desk\\u00e1 republika&quot;,&quot;zoom&quot;:12,&quot;mobileZoom&quot;:12,&quot;gestureHandling&quot;:&quot;greedy&quot;,&quot;disableUi&quot;:false,&quot;markerIcon&quot;:&quot;&quot;,&quot;markersDraggable&quot;:false,&quot;markerAtCenter&quot;:true,&quot;markerInfoDisplay&quot;:&quot;click&quot;,&quot;markerInfoMultiple&quot;:true,&quot;markerPositions&quot;:&quot;&quot;,&quot;mapName&quot;:&quot;&quot;,&quot;mapStyles&quot;:&quot;&quot;,&quot;directions&quot;:&quot;&quot;,&quot;apiKey&quot;:&quot;AIzaSyDuWcofjNWrPU5QQMmh5KcKTtUMA3rY_aA&quot;,&quot;breakpoint&quot;:780}\"\n\tdata-fallback-image=\"{&quot;img&quot;:&quot;&quot;}\"><\/div>\n<\/div><\/div><\/div><\/div><\/div>","protected":false},"excerpt":{"rendered":"<p>Hlavn\u00ed tren\u00e9r a kontaktn\u00ed osoba klubu u \u010cesk\u00e9ho tenisov\u00e9ho svazu: Ing. Ji\u0159\u00ed V\u00fdtisk Tel: +420\u00a0774\u00a0450 812 e-mail:\u00a0Jiri.Vytisk@seznam.cz Tren\u00e9\u0159i: Martin M\u00ed\u010dek +420 733 156 168 Mgr. P\u0159emysl Hanzal +420 606 509 791 Bc. Adam V\u00e1lek +420 739 882 057 Mgr. Nikola &hellip; <a href=\"https:\/\/www.tenisdolnilhota.cz\/index.php\/kontakty\/\">Continued<\/a><\/p>\n","protected":false},"author":2,"featured_media":0,"parent":0,"menu_order":0,"comment_status":"closed","ping_status":"closed","template":"","meta":{"_uag_custom_page_level_css":"","_monsterinsights_skip_tracking":false,"_monsterinsights_sitenote_active":false,"_monsterinsights_sitenote_note":"","_monsterinsights_sitenote_category":0,"footnotes":""},"class_list":["post-62","page","type-page","status-publish","hentry"],"yoast_head":"<!-- This site is optimized with the Yoast SEO plugin v23.4 - https:\/\/yoast.com\/wordpress\/plugins\/seo\/ -->\n<title>Kontakty - Tenisov\u00fd odd\u00edl - TJ SOKOL Doln\u00ed Lhota<\/title>\n<meta name=\"robots\" content=\"index, follow, max-snippet:-1, max-image-preview:large, max-video-preview:-1\" \/>\n<link rel=\"canonical\" href=\"https:\/\/www.tenisdolnilhota.cz\/index.php\/kontakty\/\" \/>\n<meta property=\"og:locale\" content=\"cs_CZ\" \/>\n<meta property=\"og:type\" content=\"article\" \/>\n<meta property=\"og:title\" content=\"Kontakty - Tenisov\u00fd odd\u00edl - TJ SOKOL Doln\u00ed Lhota\" \/>\n<meta property=\"og:description\" content=\"Hlavn\u00ed tren\u00e9r a kontaktn\u00ed osoba klubu u \u010cesk\u00e9ho tenisov\u00e9ho svazu: Ing. Ji\u0159\u00ed V\u00fdtisk Tel: +420\u00a0774\u00a0450 812 e-mail:\u00a0Jiri.Vytisk@seznam.cz Tren\u00e9\u0159i: Martin M\u00ed\u010dek +420 733 156 168 Mgr. P\u0159emysl Hanzal +420 606 509 791 Bc. Adam V\u00e1lek +420 739 882 057 Mgr. Nikola &hellip; Continued\" \/>\n<meta property=\"og:url\" content=\"https:\/\/www.tenisdolnilhota.cz\/index.php\/kontakty\/\" \/>\n<meta property=\"og:site_name\" content=\"Tenisov\u00fd odd\u00edl - TJ SOKOL Doln\u00ed Lhota\" \/>\n<meta property=\"article:modified_time\" content=\"2025-10-19T18:58:08+00:00\" \/>\n<meta name=\"twitter:card\" content=\"summary_large_image\" \/>\n<meta name=\"twitter:label1\" content=\"Odhadovan\u00e1 doba \u010dten\u00ed\" \/>\n\t<meta name=\"twitter:data1\" content=\"1 minuta\" \/>\n<script type=\"application\/ld+json\" class=\"yoast-schema-graph\">{\"@context\":\"https:\/\/schema.org\",\"@graph\":[{\"@type\":\"WebPage\",\"@id\":\"https:\/\/www.tenisdolnilhota.cz\/index.php\/kontakty\/\",\"url\":\"https:\/\/www.tenisdolnilhota.cz\/index.php\/kontakty\/\",\"name\":\"Kontakty - Tenisov\u00fd odd\u00edl - TJ SOKOL Doln\u00ed Lhota\",\"isPartOf\":{\"@id\":\"https:\/\/www.tenisdolnilhota.cz\/#website\"},\"datePublished\":\"2017-09-05T19:56:48+00:00\",\"dateModified\":\"2025-10-19T18:58:08+00:00\",\"breadcrumb\":{\"@id\":\"https:\/\/www.tenisdolnilhota.cz\/index.php\/kontakty\/#breadcrumb\"},\"inLanguage\":\"cs\",\"potentialAction\":[{\"@type\":\"ReadAction\",\"target\":[\"https:\/\/www.tenisdolnilhota.cz\/index.php\/kontakty\/\"]}]},{\"@type\":\"BreadcrumbList\",\"@id\":\"https:\/\/www.tenisdolnilhota.cz\/index.php\/kontakty\/#breadcrumb\",\"itemListElement\":[{\"@type\":\"ListItem\",\"position\":1,\"name\":\"Dom\u016f\",\"item\":\"https:\/\/www.tenisdolnilhota.cz\/\"},{\"@type\":\"ListItem\",\"position\":2,\"name\":\"Kontakty\"}]},{\"@type\":\"WebSite\",\"@id\":\"https:\/\/www.tenisdolnilhota.cz\/#website\",\"url\":\"https:\/\/www.tenisdolnilhota.cz\/\",\"name\":\"Tenisov\u00fd odd\u00edl - TJ SOKOL Doln\u00ed Lhota\",\"description\":\"\",\"potentialAction\":[{\"@type\":\"SearchAction\",\"target\":{\"@type\":\"EntryPoint\",\"urlTemplate\":\"https:\/\/www.tenisdolnilhota.cz\/?s={search_term_string}\"},\"query-input\":{\"@type\":\"PropertyValueSpecification\",\"valueRequired\":true,\"valueName\":\"search_term_string\"}}],\"inLanguage\":\"cs\"}]}<\/script>\n<!-- \/ Yoast SEO plugin. -->","yoast_head_json":{"title":"Kontakty - Tenisov\u00fd odd\u00edl - TJ SOKOL Doln\u00ed Lhota","robots":{"index":"index","follow":"follow","max-snippet":"max-snippet:-1","max-image-preview":"max-image-preview:large","max-video-preview":"max-video-preview:-1"},"canonical":"https:\/\/www.tenisdolnilhota.cz\/index.php\/kontakty\/","og_locale":"cs_CZ","og_type":"article","og_title":"Kontakty - Tenisov\u00fd odd\u00edl - TJ SOKOL Doln\u00ed Lhota","og_description":"Hlavn\u00ed tren\u00e9r a kontaktn\u00ed osoba klubu u \u010cesk\u00e9ho tenisov\u00e9ho svazu: Ing. Ji\u0159\u00ed V\u00fdtisk Tel: +420\u00a0774\u00a0450 812 e-mail:\u00a0Jiri.Vytisk@seznam.cz Tren\u00e9\u0159i: Martin M\u00ed\u010dek +420 733 156 168 Mgr. P\u0159emysl Hanzal +420 606 509 791 Bc. Adam V\u00e1lek +420 739 882 057 Mgr. Nikola &hellip; Continued","og_url":"https:\/\/www.tenisdolnilhota.cz\/index.php\/kontakty\/","og_site_name":"Tenisov\u00fd odd\u00edl - TJ SOKOL Doln\u00ed Lhota","article_modified_time":"2025-10-19T18:58:08+00:00","twitter_card":"summary_large_image","twitter_misc":{"Odhadovan\u00e1 doba \u010dten\u00ed":"1 minuta"},"schema":{"@context":"https:\/\/schema.org","@graph":[{"@type":"WebPage","@id":"https:\/\/www.tenisdolnilhota.cz\/index.php\/kontakty\/","url":"https:\/\/www.tenisdolnilhota.cz\/index.php\/kontakty\/","name":"Kontakty - Tenisov\u00fd odd\u00edl - TJ SOKOL Doln\u00ed Lhota","isPartOf":{"@id":"https:\/\/www.tenisdolnilhota.cz\/#website"},"datePublished":"2017-09-05T19:56:48+00:00","dateModified":"2025-10-19T18:58:08+00:00","breadcrumb":{"@id":"https:\/\/www.tenisdolnilhota.cz\/index.php\/kontakty\/#breadcrumb"},"inLanguage":"cs","potentialAction":[{"@type":"ReadAction","target":["https:\/\/www.tenisdolnilhota.cz\/index.php\/kontakty\/"]}]},{"@type":"BreadcrumbList","@id":"https:\/\/www.tenisdolnilhota.cz\/index.php\/kontakty\/#breadcrumb","itemListElement":[{"@type":"ListItem","position":1,"name":"Dom\u016f","item":"https:\/\/www.tenisdolnilhota.cz\/"},{"@type":"ListItem","position":2,"name":"Kontakty"}]},{"@type":"WebSite","@id":"https:\/\/www.tenisdolnilhota.cz\/#website","url":"https:\/\/www.tenisdolnilhota.cz\/","name":"Tenisov\u00fd odd\u00edl - TJ SOKOL Doln\u00ed Lhota","description":"","potentialAction":[{"@type":"SearchAction","target":{"@type":"EntryPoint","urlTemplate":"https:\/\/www.tenisdolnilhota.cz\/?s={search_term_string}"},"query-input":{"@type":"PropertyValueSpecification","valueRequired":true,"valueName":"search_term_string"}}],"inLanguage":"cs"}]}},"uagb_featured_image_src":{"full":false,"thumbnail":false,"medium":false,"medium_large":false,"large":false,"1536x1536":false,"2048x2048":false,"widget-thumb":false,"sow-carousel-default":false},"uagb_author_info":{"display_name":"Michal Opat","author_link":"https:\/\/www.tenisdolnilhota.cz\/index.php\/author\/opat\/"},"uagb_comment_info":0,"uagb_excerpt":"Hlavn\u00ed tren\u00e9r a kontaktn\u00ed osoba klubu u \u010cesk\u00e9ho tenisov\u00e9ho svazu: Ing. Ji\u0159\u00ed V\u00fdtisk Tel: +420\u00a0774\u00a0450 812 e-mail:\u00a0Jiri.Vytisk@seznam.cz Tren\u00e9\u0159i: Martin M\u00ed\u010dek +420 733 156 168 Mgr. P\u0159emysl Hanzal +420 606 509 791 Bc. Adam V\u00e1lek +420 739 882 057 Mgr. Nikola &hellip; Continued","_links":{"self":[{"href":"https:\/\/www.tenisdolnilhota.cz\/index.php\/wp-json\/wp\/v2\/pages\/62","targetHints":{"allow":["GET"]}}],"collection":[{"href":"https:\/\/www.tenisdolnilhota.cz\/index.php\/wp-json\/wp\/v2\/pages"}],"about":[{"href":"https:\/\/www.tenisdolnilhota.cz\/index.php\/wp-json\/wp\/v2\/types\/page"}],"author":[{"embeddable":true,"href":"https:\/\/www.tenisdolnilhota.cz\/index.php\/wp-json\/wp\/v2\/users\/2"}],"replies":[{"embeddable":true,"href":"https:\/\/www.tenisdolnilhota.cz\/index.php\/wp-json\/wp\/v2\/comments?post=62"}],"version-history":[{"count":30,"href":"https:\/\/www.tenisdolnilhota.cz\/index.php\/wp-json\/wp\/v2\/pages\/62\/revisions"}],"predecessor-version":[{"id":5725,"href":"https:\/\/www.tenisdolnilhota.cz\/index.php\/wp-json\/wp\/v2\/pages\/62\/revisions\/5725"}],"wp:attachment":[{"href":"https:\/\/www.tenisdolnilhota.cz\/index.php\/wp-json\/wp\/v2\/media?parent=62"}],"curies":[{"name":"wp","href":"https:\/\/api.w.org\/{rel}","templated":true}]}}