{"id":5126,"date":"2024-04-28T19:58:05","date_gmt":"2024-04-28T17:58:05","guid":{"rendered":"http:\/\/www.tenisdolnilhota.cz\/?page_id=5126"},"modified":"2025-12-20T19:10:37","modified_gmt":"2025-12-20T18:10:37","slug":"nikola-mrowiecova","status":"publish","type":"page","link":"https:\/\/www.tenisdolnilhota.cz\/index.php\/nikola-mrowiecova\/","title":{"rendered":"Nikola Mrowiecov\u00e1"},"content":{"rendered":"\n<div class=\"wp-block-uagb-container uagb-block-bf89152a default uagb-is-root-container\">\n<div class=\"wp-block-uagb-container uagb-block-55b28fe3\">\n<h1 class=\"wp-block-heading has-white-color has-text-color has-link-color wp-elements-3367ab3f0db2df8f5eacb95b66324e72\">Nikola Mrowiecov\u00e1<\/h1>\n\n\n\n<h3 class=\"wp-block-heading has-white-color has-text-color has-link-color wp-elements-751fdb652a4e5482519691a17b25a4bf\">Tren\u00e9r odd\u00edlu<\/h3>\n\n\n\n<p class=\"has-white-color has-text-color has-link-color wp-elements-8e28d2719cd688e2a60bbafed71b74c6\">Tren\u00e9r 3. t\u0159\u00eddy<br>D\u00e9lka praxe: 11 let<\/p>\n\n\n\n<ul class=\"wp-block-list\">\n<li class=\"has-white-color has-text-color has-link-color wp-elements-df314ce8a696c331279717780ccddbdf\">Pravideln\u00e1 \u00fa\u010dast v nejvy\u0161\u0161\u00edch tenisov\u00fdch sout\u011b\u017e\u00edch jak jednotlivc\u016f tak dru\u017estev (turnaje t\u0159\u00eddy A, 2. liga \u010cR dosp\u011bl\u00fdch, extraliga\u2026)<\/li>\n\n\n\n<li class=\"has-white-color has-text-color has-link-color wp-elements-40eb544b06babaf8ce8dc8875c0f5eaa\">\u00da\u010dast na kempu Heleny Sukov\u00e9 (33 vybran\u00fdch talent\u016f z \u010cR)<\/li>\n\n\n\n<li class=\"has-white-color has-text-color has-link-color wp-elements-5607f7191e0429edc30193d3fb50d13d\">Mlad\u0161\u00ed \u017e\u00e1ci &#8211; 12. m\u00edsto v republice<\/li>\n\n\n\n<li class=\"has-white-color has-text-color has-link-color wp-elements-a093360b2f6e387ea57eba29ef697dea\">M\u010cR mlad\u0161\u00edch \u017e\u00e1k\u016f dru\u017estev<\/li>\n\n\n\n<li class=\"has-white-color has-text-color has-link-color wp-elements-765add66d6e020e912557730d3ebfeb9\">Europpean tennis tour: Girls 16 &amp; under &#8211; nejlep\u0161\u00ed um\u00edst\u011bn\u00ed 416 v Evrop\u011b<\/li>\n\n\n\n<li class=\"has-white-color has-text-color has-link-color wp-elements-f4a2bdd3785b1e64cfbab3543962bfd1\">Dorost &#8211; 11. m\u00edsto v kraji<\/li>\n\n\n\n<li class=\"has-white-color has-text-color has-link-color wp-elements-36f8d1fa775e276d94d9c5eff0b68ec1\">Dosp\u011bl\u00ed &#8211; 19.&nbsp;m\u00edsto&nbsp;v&nbsp;kraji<\/li>\n<\/ul>\n\n\n\n<div class=\"wp-block-uagb-image uagb-block-7f7ce125 wp-block-uagb-image--layout-default wp-block-uagb-image--effect-static wp-block-uagb-image--align-none\"><figure class=\"wp-block-uagb-image__figure\"><img decoding=\"async\" srcset=\"https:\/\/www.tenisdolnilhota.cz\/wp-content\/uploads\/2025\/12\/Mrowiecova_registracka_2.jpg ,https:\/\/www.tenisdolnilhota.cz\/wp-content\/uploads\/2025\/12\/Mrowiecova_registracka_2.jpg 780w, https:\/\/www.tenisdolnilhota.cz\/wp-content\/uploads\/2025\/12\/Mrowiecova_registracka_2.jpg 360w\" sizes=\"auto, (max-width: 480px) 150px\" src=\"https:\/\/www.tenisdolnilhota.cz\/wp-content\/uploads\/2025\/12\/Mrowiecova_registracka_2.jpg\" alt=\"\" class=\"uag-image-6210\" width=\"300\" height=\"209\" title=\"Mrowiecova_registracka_2\" loading=\"lazy\" role=\"img\"\/><\/figure><\/div>\n<\/div>\n\n\n\n<div class=\"wp-block-uagb-container uagb-block-a2542988\">\n<div class=\"wp-block-uagb-image uagb-block-784d03f4 wp-block-uagb-image--layout-default wp-block-uagb-image--effect-static wp-block-uagb-image--align-none\"><figure class=\"wp-block-uagb-image__figure\"><img decoding=\"async\" srcset=\"https:\/\/www.tenisdolnilhota.cz\/wp-content\/uploads\/2025\/10\/Nikola_Mrowiecova_profil2-199x300.jpg ,http:\/\/www.tenisdolnilhota.cz\/wp-content\/uploads\/2025\/10\/Nikola_Mrowiecova_profil2.jpg 780w, http:\/\/www.tenisdolnilhota.cz\/wp-content\/uploads\/2025\/10\/Nikola_Mrowiecova_profil2.jpg 360w\" sizes=\"auto, (max-width: 480px) 150px\" src=\"https:\/\/www.tenisdolnilhota.cz\/wp-content\/uploads\/2025\/10\/Nikola_Mrowiecova_profil2-199x300.jpg\" alt=\"\" class=\"uag-image-5764\" width=\"354\" height=\"534\" title=\"Nikola_Mrowiecova_profil2\" loading=\"lazy\" role=\"img\"\/><\/figure><\/div>\n<\/div>\n<\/div>\n","protected":false},"excerpt":{"rendered":"<p>Nikola Mrowiecov\u00e1 Tren\u00e9r odd\u00edlu Tren\u00e9r 3. t\u0159\u00eddyD\u00e9lka praxe: 11 let<\/p>\n","protected":false},"author":2,"featured_media":0,"parent":0,"menu_order":0,"comment_status":"closed","ping_status":"closed","template":"","meta":{"_uag_custom_page_level_css":"","_monsterinsights_skip_tracking":false,"_monsterinsights_sitenote_active":false,"_monsterinsights_sitenote_note":"","_monsterinsights_sitenote_category":0,"footnotes":""},"class_list":["post-5126","page","type-page","status-publish","hentry"],"yoast_head":"<!-- This site is optimized with the Yoast SEO plugin v23.4 - https:\/\/yoast.com\/wordpress\/plugins\/seo\/ -->\n<title>Nikola Mrowiecov\u00e1 - Tenisov\u00fd odd\u00edl - TJ SOKOL Doln\u00ed Lhota<\/title>\n<meta name=\"robots\" content=\"index, follow, max-snippet:-1, max-image-preview:large, max-video-preview:-1\" \/>\n<link rel=\"canonical\" href=\"https:\/\/www.tenisdolnilhota.cz\/index.php\/nikola-mrowiecova\/\" \/>\n<meta property=\"og:locale\" content=\"cs_CZ\" \/>\n<meta property=\"og:type\" content=\"article\" \/>\n<meta property=\"og:title\" content=\"Nikola Mrowiecov\u00e1 - Tenisov\u00fd odd\u00edl - TJ SOKOL Doln\u00ed Lhota\" \/>\n<meta property=\"og:description\" content=\"Nikola Mrowiecov\u00e1 Tren\u00e9r odd\u00edlu Tren\u00e9r 3. t\u0159\u00eddyD\u00e9lka praxe: 11 let\" \/>\n<meta property=\"og:url\" content=\"https:\/\/www.tenisdolnilhota.cz\/index.php\/nikola-mrowiecova\/\" \/>\n<meta property=\"og:site_name\" content=\"Tenisov\u00fd odd\u00edl - TJ SOKOL Doln\u00ed Lhota\" \/>\n<meta property=\"article:modified_time\" content=\"2025-12-20T18:10:37+00:00\" \/>\n<meta property=\"og:image\" content=\"http:\/\/www.tenisdolnilhota.cz\/wp-content\/uploads\/2025\/12\/Mrowiecova_registracka_2.jpg\" \/>\n<meta name=\"twitter:card\" content=\"summary_large_image\" \/>\n<meta name=\"twitter:label1\" content=\"Odhadovan\u00e1 doba \u010dten\u00ed\" \/>\n\t<meta name=\"twitter:data1\" content=\"1 minuta\" \/>\n<script type=\"application\/ld+json\" class=\"yoast-schema-graph\">{\"@context\":\"https:\/\/schema.org\",\"@graph\":[{\"@type\":\"WebPage\",\"@id\":\"https:\/\/www.tenisdolnilhota.cz\/index.php\/nikola-mrowiecova\/\",\"url\":\"https:\/\/www.tenisdolnilhota.cz\/index.php\/nikola-mrowiecova\/\",\"name\":\"Nikola Mrowiecov\u00e1 - Tenisov\u00fd odd\u00edl - TJ SOKOL Doln\u00ed Lhota\",\"isPartOf\":{\"@id\":\"https:\/\/www.tenisdolnilhota.cz\/#website\"},\"primaryImageOfPage\":{\"@id\":\"https:\/\/www.tenisdolnilhota.cz\/index.php\/nikola-mrowiecova\/#primaryimage\"},\"image\":{\"@id\":\"https:\/\/www.tenisdolnilhota.cz\/index.php\/nikola-mrowiecova\/#primaryimage\"},\"thumbnailUrl\":\"http:\/\/www.tenisdolnilhota.cz\/wp-content\/uploads\/2025\/12\/Mrowiecova_registracka_2.jpg\",\"datePublished\":\"2024-04-28T17:58:05+00:00\",\"dateModified\":\"2025-12-20T18:10:37+00:00\",\"breadcrumb\":{\"@id\":\"https:\/\/www.tenisdolnilhota.cz\/index.php\/nikola-mrowiecova\/#breadcrumb\"},\"inLanguage\":\"cs\",\"potentialAction\":[{\"@type\":\"ReadAction\",\"target\":[\"https:\/\/www.tenisdolnilhota.cz\/index.php\/nikola-mrowiecova\/\"]}]},{\"@type\":\"ImageObject\",\"inLanguage\":\"cs\",\"@id\":\"https:\/\/www.tenisdolnilhota.cz\/index.php\/nikola-mrowiecova\/#primaryimage\",\"url\":\"https:\/\/www.tenisdolnilhota.cz\/wp-content\/uploads\/2025\/12\/Mrowiecova_registracka_2.jpg\",\"contentUrl\":\"https:\/\/www.tenisdolnilhota.cz\/wp-content\/uploads\/2025\/12\/Mrowiecova_registracka_2.jpg\",\"width\":787,\"height\":547},{\"@type\":\"BreadcrumbList\",\"@id\":\"https:\/\/www.tenisdolnilhota.cz\/index.php\/nikola-mrowiecova\/#breadcrumb\",\"itemListElement\":[{\"@type\":\"ListItem\",\"position\":1,\"name\":\"Dom\u016f\",\"item\":\"https:\/\/www.tenisdolnilhota.cz\/\"},{\"@type\":\"ListItem\",\"position\":2,\"name\":\"Nikola Mrowiecov\u00e1\"}]},{\"@type\":\"WebSite\",\"@id\":\"https:\/\/www.tenisdolnilhota.cz\/#website\",\"url\":\"https:\/\/www.tenisdolnilhota.cz\/\",\"name\":\"Tenisov\u00fd odd\u00edl - TJ SOKOL Doln\u00ed Lhota\",\"description\":\"\",\"potentialAction\":[{\"@type\":\"SearchAction\",\"target\":{\"@type\":\"EntryPoint\",\"urlTemplate\":\"https:\/\/www.tenisdolnilhota.cz\/?s={search_term_string}\"},\"query-input\":{\"@type\":\"PropertyValueSpecification\",\"valueRequired\":true,\"valueName\":\"search_term_string\"}}],\"inLanguage\":\"cs\"}]}<\/script>\n<!-- \/ Yoast SEO plugin. -->","yoast_head_json":{"title":"Nikola Mrowiecov\u00e1 - Tenisov\u00fd odd\u00edl - TJ SOKOL Doln\u00ed Lhota","robots":{"index":"index","follow":"follow","max-snippet":"max-snippet:-1","max-image-preview":"max-image-preview:large","max-video-preview":"max-video-preview:-1"},"canonical":"https:\/\/www.tenisdolnilhota.cz\/index.php\/nikola-mrowiecova\/","og_locale":"cs_CZ","og_type":"article","og_title":"Nikola Mrowiecov\u00e1 - Tenisov\u00fd odd\u00edl - TJ SOKOL Doln\u00ed Lhota","og_description":"Nikola Mrowiecov\u00e1 Tren\u00e9r odd\u00edlu Tren\u00e9r 3. t\u0159\u00eddyD\u00e9lka praxe: 11 let","og_url":"https:\/\/www.tenisdolnilhota.cz\/index.php\/nikola-mrowiecova\/","og_site_name":"Tenisov\u00fd odd\u00edl - TJ SOKOL Doln\u00ed Lhota","article_modified_time":"2025-12-20T18:10:37+00:00","og_image":[{"url":"http:\/\/www.tenisdolnilhota.cz\/wp-content\/uploads\/2025\/12\/Mrowiecova_registracka_2.jpg"}],"twitter_card":"summary_large_image","twitter_misc":{"Odhadovan\u00e1 doba \u010dten\u00ed":"1 minuta"},"schema":{"@context":"https:\/\/schema.org","@graph":[{"@type":"WebPage","@id":"https:\/\/www.tenisdolnilhota.cz\/index.php\/nikola-mrowiecova\/","url":"https:\/\/www.tenisdolnilhota.cz\/index.php\/nikola-mrowiecova\/","name":"Nikola Mrowiecov\u00e1 - Tenisov\u00fd odd\u00edl - TJ SOKOL Doln\u00ed Lhota","isPartOf":{"@id":"https:\/\/www.tenisdolnilhota.cz\/#website"},"primaryImageOfPage":{"@id":"https:\/\/www.tenisdolnilhota.cz\/index.php\/nikola-mrowiecova\/#primaryimage"},"image":{"@id":"https:\/\/www.tenisdolnilhota.cz\/index.php\/nikola-mrowiecova\/#primaryimage"},"thumbnailUrl":"http:\/\/www.tenisdolnilhota.cz\/wp-content\/uploads\/2025\/12\/Mrowiecova_registracka_2.jpg","datePublished":"2024-04-28T17:58:05+00:00","dateModified":"2025-12-20T18:10:37+00:00","breadcrumb":{"@id":"https:\/\/www.tenisdolnilhota.cz\/index.php\/nikola-mrowiecova\/#breadcrumb"},"inLanguage":"cs","potentialAction":[{"@type":"ReadAction","target":["https:\/\/www.tenisdolnilhota.cz\/index.php\/nikola-mrowiecova\/"]}]},{"@type":"ImageObject","inLanguage":"cs","@id":"https:\/\/www.tenisdolnilhota.cz\/index.php\/nikola-mrowiecova\/#primaryimage","url":"https:\/\/www.tenisdolnilhota.cz\/wp-content\/uploads\/2025\/12\/Mrowiecova_registracka_2.jpg","contentUrl":"https:\/\/www.tenisdolnilhota.cz\/wp-content\/uploads\/2025\/12\/Mrowiecova_registracka_2.jpg","width":787,"height":547},{"@type":"BreadcrumbList","@id":"https:\/\/www.tenisdolnilhota.cz\/index.php\/nikola-mrowiecova\/#breadcrumb","itemListElement":[{"@type":"ListItem","position":1,"name":"Dom\u016f","item":"https:\/\/www.tenisdolnilhota.cz\/"},{"@type":"ListItem","position":2,"name":"Nikola Mrowiecov\u00e1"}]},{"@type":"WebSite","@id":"https:\/\/www.tenisdolnilhota.cz\/#website","url":"https:\/\/www.tenisdolnilhota.cz\/","name":"Tenisov\u00fd odd\u00edl - TJ SOKOL Doln\u00ed Lhota","description":"","potentialAction":[{"@type":"SearchAction","target":{"@type":"EntryPoint","urlTemplate":"https:\/\/www.tenisdolnilhota.cz\/?s={search_term_string}"},"query-input":{"@type":"PropertyValueSpecification","valueRequired":true,"valueName":"search_term_string"}}],"inLanguage":"cs"}]}},"uagb_featured_image_src":{"full":false,"thumbnail":false,"medium":false,"medium_large":false,"large":false,"1536x1536":false,"2048x2048":false,"widget-thumb":false,"sow-carousel-default":false},"uagb_author_info":{"display_name":"Michal Opat","author_link":"https:\/\/www.tenisdolnilhota.cz\/index.php\/author\/opat\/"},"uagb_comment_info":0,"uagb_excerpt":"Nikola Mrowiecov\u00e1 Tren\u00e9r odd\u00edlu Tren\u00e9r 3. t\u0159\u00eddyD\u00e9lka praxe: 11 let","_links":{"self":[{"href":"https:\/\/www.tenisdolnilhota.cz\/index.php\/wp-json\/wp\/v2\/pages\/5126","targetHints":{"allow":["GET"]}}],"collection":[{"href":"https:\/\/www.tenisdolnilhota.cz\/index.php\/wp-json\/wp\/v2\/pages"}],"about":[{"href":"https:\/\/www.tenisdolnilhota.cz\/index.php\/wp-json\/wp\/v2\/types\/page"}],"author":[{"embeddable":true,"href":"https:\/\/www.tenisdolnilhota.cz\/index.php\/wp-json\/wp\/v2\/users\/2"}],"replies":[{"embeddable":true,"href":"https:\/\/www.tenisdolnilhota.cz\/index.php\/wp-json\/wp\/v2\/comments?post=5126"}],"version-history":[{"count":23,"href":"https:\/\/www.tenisdolnilhota.cz\/index.php\/wp-json\/wp\/v2\/pages\/5126\/revisions"}],"predecessor-version":[{"id":6211,"href":"https:\/\/www.tenisdolnilhota.cz\/index.php\/wp-json\/wp\/v2\/pages\/5126\/revisions\/6211"}],"wp:attachment":[{"href":"https:\/\/www.tenisdolnilhota.cz\/index.php\/wp-json\/wp\/v2\/media?parent=5126"}],"curies":[{"name":"wp","href":"https:\/\/api.w.org\/{rel}","templated":true}]}}