{"id":4544,"date":"2022-05-13T20:09:18","date_gmt":"2022-05-13T18:09:18","guid":{"rendered":"http:\/\/www.tenisdolnilhota.cz\/?page_id=4544"},"modified":"2022-05-13T20:09:18","modified_gmt":"2022-05-13T18:09:18","slug":"druzstva-jaro-2022","status":"publish","type":"page","link":"https:\/\/www.tenisdolnilhota.cz\/index.php\/druzstva-jaro-2022\/","title":{"rendered":"Dru\u017estva &#8211; jaro 2022"},"content":{"rendered":"<div id=\"kad-wp-gallery53\" class=\"kad-wp-gallery kad-light-wp-gallery clearfix kt-gallery-column-3 rowtight\"><div class=\"tcol-lg-4 tcol-md-4 tcol-sm-4 tcol-xs-6 tcol-ss-12 g_item\"><div class=\"grid_item kad_gallery_fade_in gallery_item\"><a href=\"https:\/\/www.tenisdolnilhota.cz\/wp-content\/uploads\/2022\/05\/Druzstva-220513_1.jpeg\" data-rel=\"lightbox\" class=\"lightboxhover\"><img loading=\"lazy\" decoding=\"async\" src=\"https:\/\/www.tenisdolnilhota.cz\/wp-content\/uploads\/2022\/05\/Druzstva-220513_1-400x400.jpeg\" width=\"400\" height=\"400\" alt=\"\" srcset=\"https:\/\/www.tenisdolnilhota.cz\/wp-content\/uploads\/2022\/05\/Druzstva-220513_1-400x400.jpeg 400w, https:\/\/www.tenisdolnilhota.cz\/wp-content\/uploads\/2022\/05\/Druzstva-220513_1-150x150.jpeg 150w, https:\/\/www.tenisdolnilhota.cz\/wp-content\/uploads\/2022\/05\/Druzstva-220513_1-800x800.jpeg 800w, https:\/\/www.tenisdolnilhota.cz\/wp-content\/uploads\/2022\/05\/Druzstva-220513_1-600x600.jpeg 600w, https:\/\/www.tenisdolnilhota.cz\/wp-content\/uploads\/2022\/05\/Druzstva-220513_1-300x300.jpeg 300w\" sizes=\"auto, (max-width: 400px) 100vw, 400px\" class=\"light-dropshaddow\"\/><\/a><\/div><\/div><div class=\"tcol-lg-4 tcol-md-4 tcol-sm-4 tcol-xs-6 tcol-ss-12 g_item\"><div class=\"grid_item kad_gallery_fade_in gallery_item\"><a href=\"https:\/\/www.tenisdolnilhota.cz\/wp-content\/uploads\/2022\/05\/Druzstva-220513_2.jpeg\" data-rel=\"lightbox\" class=\"lightboxhover\"><img loading=\"lazy\" decoding=\"async\" src=\"https:\/\/www.tenisdolnilhota.cz\/wp-content\/uploads\/2022\/05\/Druzstva-220513_2-400x400.jpeg\" width=\"400\" height=\"400\" alt=\"\" srcset=\"https:\/\/www.tenisdolnilhota.cz\/wp-content\/uploads\/2022\/05\/Druzstva-220513_2-400x400.jpeg 400w, https:\/\/www.tenisdolnilhota.cz\/wp-content\/uploads\/2022\/05\/Druzstva-220513_2-150x150.jpeg 150w, https:\/\/www.tenisdolnilhota.cz\/wp-content\/uploads\/2022\/05\/Druzstva-220513_2-800x800.jpeg 800w, https:\/\/www.tenisdolnilhota.cz\/wp-content\/uploads\/2022\/05\/Druzstva-220513_2-600x600.jpeg 600w, https:\/\/www.tenisdolnilhota.cz\/wp-content\/uploads\/2022\/05\/Druzstva-220513_2-300x300.jpeg 300w\" sizes=\"auto, (max-width: 400px) 100vw, 400px\" class=\"light-dropshaddow\"\/><\/a><\/div><\/div><div class=\"tcol-lg-4 tcol-md-4 tcol-sm-4 tcol-xs-6 tcol-ss-12 g_item\"><div class=\"grid_item kad_gallery_fade_in gallery_item\"><a href=\"https:\/\/www.tenisdolnilhota.cz\/wp-content\/uploads\/2022\/05\/Druzstva-220513_3.jpeg\" data-rel=\"lightbox\" class=\"lightboxhover\"><img loading=\"lazy\" decoding=\"async\" src=\"https:\/\/www.tenisdolnilhota.cz\/wp-content\/uploads\/2022\/05\/Druzstva-220513_3-400x400.jpeg\" width=\"400\" height=\"400\" alt=\"\" srcset=\"https:\/\/www.tenisdolnilhota.cz\/wp-content\/uploads\/2022\/05\/Druzstva-220513_3-400x400.jpeg 400w, https:\/\/www.tenisdolnilhota.cz\/wp-content\/uploads\/2022\/05\/Druzstva-220513_3-150x150.jpeg 150w, https:\/\/www.tenisdolnilhota.cz\/wp-content\/uploads\/2022\/05\/Druzstva-220513_3-800x800.jpeg 800w, https:\/\/www.tenisdolnilhota.cz\/wp-content\/uploads\/2022\/05\/Druzstva-220513_3-600x600.jpeg 600w, https:\/\/www.tenisdolnilhota.cz\/wp-content\/uploads\/2022\/05\/Druzstva-220513_3-300x300.jpeg 300w\" sizes=\"auto, (max-width: 400px) 100vw, 400px\" class=\"light-dropshaddow\"\/><\/a><\/div><\/div><div class=\"tcol-lg-4 tcol-md-4 tcol-sm-4 tcol-xs-6 tcol-ss-12 g_item\"><div class=\"grid_item kad_gallery_fade_in gallery_item\"><a href=\"https:\/\/www.tenisdolnilhota.cz\/wp-content\/uploads\/2022\/05\/Druzstva-220513_4.jpeg\" data-rel=\"lightbox\" class=\"lightboxhover\"><img loading=\"lazy\" decoding=\"async\" src=\"https:\/\/www.tenisdolnilhota.cz\/wp-content\/uploads\/2022\/05\/Druzstva-220513_4-400x400.jpeg\" width=\"400\" height=\"400\" alt=\"\" srcset=\"https:\/\/www.tenisdolnilhota.cz\/wp-content\/uploads\/2022\/05\/Druzstva-220513_4-400x400.jpeg 400w, https:\/\/www.tenisdolnilhota.cz\/wp-content\/uploads\/2022\/05\/Druzstva-220513_4-150x150.jpeg 150w, https:\/\/www.tenisdolnilhota.cz\/wp-content\/uploads\/2022\/05\/Druzstva-220513_4-800x800.jpeg 800w, https:\/\/www.tenisdolnilhota.cz\/wp-content\/uploads\/2022\/05\/Druzstva-220513_4-600x600.jpeg 600w, https:\/\/www.tenisdolnilhota.cz\/wp-content\/uploads\/2022\/05\/Druzstva-220513_4-300x300.jpeg 300w\" sizes=\"auto, (max-width: 400px) 100vw, 400px\" class=\"light-dropshaddow\"\/><\/a><\/div><\/div><div class=\"tcol-lg-4 tcol-md-4 tcol-sm-4 tcol-xs-6 tcol-ss-12 g_item\"><div class=\"grid_item kad_gallery_fade_in gallery_item\"><a href=\"https:\/\/www.tenisdolnilhota.cz\/wp-content\/uploads\/2022\/05\/Druzstva-220513_5.jpeg\" data-rel=\"lightbox\" class=\"lightboxhover\"><img loading=\"lazy\" decoding=\"async\" src=\"https:\/\/www.tenisdolnilhota.cz\/wp-content\/uploads\/2022\/05\/Druzstva-220513_5-400x400.jpeg\" width=\"400\" height=\"400\" alt=\"\" srcset=\"https:\/\/www.tenisdolnilhota.cz\/wp-content\/uploads\/2022\/05\/Druzstva-220513_5-400x400.jpeg 400w, https:\/\/www.tenisdolnilhota.cz\/wp-content\/uploads\/2022\/05\/Druzstva-220513_5-150x150.jpeg 150w, https:\/\/www.tenisdolnilhota.cz\/wp-content\/uploads\/2022\/05\/Druzstva-220513_5-800x800.jpeg 800w, https:\/\/www.tenisdolnilhota.cz\/wp-content\/uploads\/2022\/05\/Druzstva-220513_5-600x600.jpeg 600w, https:\/\/www.tenisdolnilhota.cz\/wp-content\/uploads\/2022\/05\/Druzstva-220513_5-300x300.jpeg 300w\" sizes=\"auto, (max-width: 400px) 100vw, 400px\" class=\"light-dropshaddow\"\/><\/a><\/div><\/div><div class=\"tcol-lg-4 tcol-md-4 tcol-sm-4 tcol-xs-6 tcol-ss-12 g_item\"><div class=\"grid_item kad_gallery_fade_in gallery_item\"><a href=\"https:\/\/www.tenisdolnilhota.cz\/wp-content\/uploads\/2022\/05\/BabyTenis_B-220501.jpeg\" data-rel=\"lightbox\" class=\"lightboxhover\"><img loading=\"lazy\" decoding=\"async\" src=\"https:\/\/www.tenisdolnilhota.cz\/wp-content\/uploads\/2022\/05\/BabyTenis_B-220501-400x400.jpeg\" width=\"400\" height=\"400\" alt=\"\" srcset=\"https:\/\/www.tenisdolnilhota.cz\/wp-content\/uploads\/2022\/05\/BabyTenis_B-220501-400x400.jpeg 400w, https:\/\/www.tenisdolnilhota.cz\/wp-content\/uploads\/2022\/05\/BabyTenis_B-220501-150x150.jpeg 150w, https:\/\/www.tenisdolnilhota.cz\/wp-content\/uploads\/2022\/05\/BabyTenis_B-220501-800x800.jpeg 800w\" sizes=\"auto, (max-width: 400px) 100vw, 400px\" class=\"light-dropshaddow\"\/><\/a><\/div><\/div><div class=\"tcol-lg-4 tcol-md-4 tcol-sm-4 tcol-xs-6 tcol-ss-12 g_item\"><div class=\"grid_item kad_gallery_fade_in gallery_item\"><a href=\"https:\/\/www.tenisdolnilhota.cz\/wp-content\/uploads\/2022\/05\/StarsiZaci-220501.jpeg\" data-rel=\"lightbox\" class=\"lightboxhover\"><img loading=\"lazy\" decoding=\"async\" src=\"https:\/\/www.tenisdolnilhota.cz\/wp-content\/uploads\/2022\/05\/StarsiZaci-220501-400x400.jpeg\" width=\"400\" height=\"400\" alt=\"\" srcset=\"https:\/\/www.tenisdolnilhota.cz\/wp-content\/uploads\/2022\/05\/StarsiZaci-220501-400x400.jpeg 400w, https:\/\/www.tenisdolnilhota.cz\/wp-content\/uploads\/2022\/05\/StarsiZaci-220501-150x150.jpeg 150w, https:\/\/www.tenisdolnilhota.cz\/wp-content\/uploads\/2022\/05\/StarsiZaci-220501-800x800.jpeg 800w\" sizes=\"auto, (max-width: 400px) 100vw, 400px\" class=\"light-dropshaddow\"\/><\/a><\/div><\/div><div class=\"tcol-lg-4 tcol-md-4 tcol-sm-4 tcol-xs-6 tcol-ss-12 g_item\"><div class=\"grid_item kad_gallery_fade_in gallery_item\"><a href=\"https:\/\/www.tenisdolnilhota.cz\/wp-content\/uploads\/2022\/05\/MladsiZaci-220501.jpeg\" data-rel=\"lightbox\" class=\"lightboxhover\"><img loading=\"lazy\" decoding=\"async\" src=\"https:\/\/www.tenisdolnilhota.cz\/wp-content\/uploads\/2022\/05\/MladsiZaci-220501-400x400.jpeg\" width=\"400\" height=\"400\" alt=\"\" srcset=\"https:\/\/www.tenisdolnilhota.cz\/wp-content\/uploads\/2022\/05\/MladsiZaci-220501-400x400.jpeg 400w, https:\/\/www.tenisdolnilhota.cz\/wp-content\/uploads\/2022\/05\/MladsiZaci-220501-150x150.jpeg 150w, https:\/\/www.tenisdolnilhota.cz\/wp-content\/uploads\/2022\/05\/MladsiZaci-220501-800x800.jpeg 800w\" sizes=\"auto, (max-width: 400px) 100vw, 400px\" class=\"light-dropshaddow\"\/><\/a><\/div><\/div><\/div>\n","protected":false},"excerpt":{"rendered":"","protected":false},"author":2,"featured_media":0,"parent":0,"menu_order":0,"comment_status":"closed","ping_status":"closed","template":"","meta":{"_uag_custom_page_level_css":"","_monsterinsights_skip_tracking":false,"_monsterinsights_sitenote_active":false,"_monsterinsights_sitenote_note":"","_monsterinsights_sitenote_category":0,"footnotes":""},"class_list":["post-4544","page","type-page","status-publish","hentry"],"yoast_head":"<!-- This site is optimized with the Yoast SEO plugin v23.4 - https:\/\/yoast.com\/wordpress\/plugins\/seo\/ -->\n<title>Dru\u017estva - jaro 2022 - Tenisov\u00fd odd\u00edl - TJ SOKOL Doln\u00ed Lhota<\/title>\n<meta name=\"robots\" content=\"index, follow, max-snippet:-1, max-image-preview:large, max-video-preview:-1\" \/>\n<link rel=\"canonical\" href=\"https:\/\/www.tenisdolnilhota.cz\/index.php\/druzstva-jaro-2022\/\" \/>\n<meta property=\"og:locale\" content=\"cs_CZ\" \/>\n<meta property=\"og:type\" content=\"article\" \/>\n<meta property=\"og:title\" content=\"Dru\u017estva - jaro 2022 - Tenisov\u00fd odd\u00edl - TJ SOKOL Doln\u00ed Lhota\" \/>\n<meta property=\"og:url\" content=\"https:\/\/www.tenisdolnilhota.cz\/index.php\/druzstva-jaro-2022\/\" \/>\n<meta property=\"og:site_name\" content=\"Tenisov\u00fd odd\u00edl - TJ SOKOL Doln\u00ed Lhota\" \/>\n<meta property=\"og:image\" content=\"https:\/\/www.tenisdolnilhota.cz\/wp-content\/uploads\/2022\/05\/Druzstva-220513_1-400x400.jpeg\" \/>\n<meta name=\"twitter:card\" content=\"summary_large_image\" \/>\n<script type=\"application\/ld+json\" class=\"yoast-schema-graph\">{\"@context\":\"https:\/\/schema.org\",\"@graph\":[{\"@type\":\"WebPage\",\"@id\":\"https:\/\/www.tenisdolnilhota.cz\/index.php\/druzstva-jaro-2022\/\",\"url\":\"https:\/\/www.tenisdolnilhota.cz\/index.php\/druzstva-jaro-2022\/\",\"name\":\"Dru\u017estva - jaro 2022 - Tenisov\u00fd odd\u00edl - TJ SOKOL Doln\u00ed Lhota\",\"isPartOf\":{\"@id\":\"https:\/\/www.tenisdolnilhota.cz\/#website\"},\"datePublished\":\"2022-05-13T18:09:18+00:00\",\"dateModified\":\"2022-05-13T18:09:18+00:00\",\"breadcrumb\":{\"@id\":\"https:\/\/www.tenisdolnilhota.cz\/index.php\/druzstva-jaro-2022\/#breadcrumb\"},\"inLanguage\":\"cs\",\"potentialAction\":[{\"@type\":\"ReadAction\",\"target\":[\"https:\/\/www.tenisdolnilhota.cz\/index.php\/druzstva-jaro-2022\/\"]}]},{\"@type\":\"BreadcrumbList\",\"@id\":\"https:\/\/www.tenisdolnilhota.cz\/index.php\/druzstva-jaro-2022\/#breadcrumb\",\"itemListElement\":[{\"@type\":\"ListItem\",\"position\":1,\"name\":\"Dom\u016f\",\"item\":\"https:\/\/www.tenisdolnilhota.cz\/\"},{\"@type\":\"ListItem\",\"position\":2,\"name\":\"Dru\u017estva &#8211; jaro 2022\"}]},{\"@type\":\"WebSite\",\"@id\":\"https:\/\/www.tenisdolnilhota.cz\/#website\",\"url\":\"https:\/\/www.tenisdolnilhota.cz\/\",\"name\":\"Tenisov\u00fd odd\u00edl - TJ SOKOL Doln\u00ed Lhota\",\"description\":\"\",\"potentialAction\":[{\"@type\":\"SearchAction\",\"target\":{\"@type\":\"EntryPoint\",\"urlTemplate\":\"https:\/\/www.tenisdolnilhota.cz\/?s={search_term_string}\"},\"query-input\":{\"@type\":\"PropertyValueSpecification\",\"valueRequired\":true,\"valueName\":\"search_term_string\"}}],\"inLanguage\":\"cs\"}]}<\/script>\n<!-- \/ Yoast SEO plugin. -->","yoast_head_json":{"title":"Dru\u017estva - jaro 2022 - Tenisov\u00fd odd\u00edl - TJ SOKOL Doln\u00ed Lhota","robots":{"index":"index","follow":"follow","max-snippet":"max-snippet:-1","max-image-preview":"max-image-preview:large","max-video-preview":"max-video-preview:-1"},"canonical":"https:\/\/www.tenisdolnilhota.cz\/index.php\/druzstva-jaro-2022\/","og_locale":"cs_CZ","og_type":"article","og_title":"Dru\u017estva - jaro 2022 - Tenisov\u00fd odd\u00edl - TJ SOKOL Doln\u00ed Lhota","og_url":"https:\/\/www.tenisdolnilhota.cz\/index.php\/druzstva-jaro-2022\/","og_site_name":"Tenisov\u00fd odd\u00edl - TJ SOKOL Doln\u00ed Lhota","og_image":[{"url":"https:\/\/www.tenisdolnilhota.cz\/wp-content\/uploads\/2022\/05\/Druzstva-220513_1-400x400.jpeg"}],"twitter_card":"summary_large_image","schema":{"@context":"https:\/\/schema.org","@graph":[{"@type":"WebPage","@id":"https:\/\/www.tenisdolnilhota.cz\/index.php\/druzstva-jaro-2022\/","url":"https:\/\/www.tenisdolnilhota.cz\/index.php\/druzstva-jaro-2022\/","name":"Dru\u017estva - jaro 2022 - Tenisov\u00fd odd\u00edl - TJ SOKOL Doln\u00ed Lhota","isPartOf":{"@id":"https:\/\/www.tenisdolnilhota.cz\/#website"},"datePublished":"2022-05-13T18:09:18+00:00","dateModified":"2022-05-13T18:09:18+00:00","breadcrumb":{"@id":"https:\/\/www.tenisdolnilhota.cz\/index.php\/druzstva-jaro-2022\/#breadcrumb"},"inLanguage":"cs","potentialAction":[{"@type":"ReadAction","target":["https:\/\/www.tenisdolnilhota.cz\/index.php\/druzstva-jaro-2022\/"]}]},{"@type":"BreadcrumbList","@id":"https:\/\/www.tenisdolnilhota.cz\/index.php\/druzstva-jaro-2022\/#breadcrumb","itemListElement":[{"@type":"ListItem","position":1,"name":"Dom\u016f","item":"https:\/\/www.tenisdolnilhota.cz\/"},{"@type":"ListItem","position":2,"name":"Dru\u017estva &#8211; jaro 2022"}]},{"@type":"WebSite","@id":"https:\/\/www.tenisdolnilhota.cz\/#website","url":"https:\/\/www.tenisdolnilhota.cz\/","name":"Tenisov\u00fd odd\u00edl - TJ SOKOL Doln\u00ed Lhota","description":"","potentialAction":[{"@type":"SearchAction","target":{"@type":"EntryPoint","urlTemplate":"https:\/\/www.tenisdolnilhota.cz\/?s={search_term_string}"},"query-input":{"@type":"PropertyValueSpecification","valueRequired":true,"valueName":"search_term_string"}}],"inLanguage":"cs"}]}},"uagb_featured_image_src":{"full":false,"thumbnail":false,"medium":false,"medium_large":false,"large":false,"1536x1536":false,"2048x2048":false,"widget-thumb":false,"sow-carousel-default":false},"uagb_author_info":{"display_name":"Michal Opat","author_link":"https:\/\/www.tenisdolnilhota.cz\/index.php\/author\/opat\/"},"uagb_comment_info":0,"uagb_excerpt":null,"_links":{"self":[{"href":"https:\/\/www.tenisdolnilhota.cz\/index.php\/wp-json\/wp\/v2\/pages\/4544","targetHints":{"allow":["GET"]}}],"collection":[{"href":"https:\/\/www.tenisdolnilhota.cz\/index.php\/wp-json\/wp\/v2\/pages"}],"about":[{"href":"https:\/\/www.tenisdolnilhota.cz\/index.php\/wp-json\/wp\/v2\/types\/page"}],"author":[{"embeddable":true,"href":"https:\/\/www.tenisdolnilhota.cz\/index.php\/wp-json\/wp\/v2\/users\/2"}],"replies":[{"embeddable":true,"href":"https:\/\/www.tenisdolnilhota.cz\/index.php\/wp-json\/wp\/v2\/comments?post=4544"}],"version-history":[{"count":1,"href":"https:\/\/www.tenisdolnilhota.cz\/index.php\/wp-json\/wp\/v2\/pages\/4544\/revisions"}],"predecessor-version":[{"id":4550,"href":"https:\/\/www.tenisdolnilhota.cz\/index.php\/wp-json\/wp\/v2\/pages\/4544\/revisions\/4550"}],"wp:attachment":[{"href":"https:\/\/www.tenisdolnilhota.cz\/index.php\/wp-json\/wp\/v2\/media?parent=4544"}],"curies":[{"name":"wp","href":"https:\/\/api.w.org\/{rel}","templated":true}]}}