{"id":41,"date":"2017-09-05T21:21:12","date_gmt":"2017-09-05T19:21:12","guid":{"rendered":"https:\/\/172.20.10.17\/?page_id=41"},"modified":"2018-05-09T10:15:36","modified_gmt":"2018-05-09T08:15:36","slug":"sponzori","status":"publish","type":"page","link":"https:\/\/www.tenisdolnilhota.cz\/index.php\/sponzori\/","title":{"rendered":"Sponzo\u0159i"},"content":{"rendered":"<p>Pro zaji\u0161t\u011bn\u00ed chodu na\u0161eho odd\u00edlu, zejm\u00e9na n\u00e1kupu tenisov\u00fdch m\u00ed\u010d\u016f a dal\u0161\u00edho vybaven\u00ed pro tr\u00e9ninky na\u0161ich mlad\u00fdch \u010dlen\u016f uv\u00edt\u00e1me jak\u00fdkoliv finan\u010dn\u00ed sponzorsk\u00fd dar.<\/p>\n<p>Logo sponzora m\u016f\u017ee b\u00fdt vyv\u011b\u0161eno na oplocen\u00ed kurtu odd\u00edlu a na t\u011bchto webov\u00fdch str\u00e1nk\u00e1ch.<\/p>\n<p>V p\u0159\u00edpad\u011b \u017ee sponzorsk\u00fd dar pokryje v\u00fdrobu dopl\u0148kov\u00e9ho oble\u010den\u00ed (triko, \u010depice) bude logo zve\u0159ejn\u011bno i zde.<\/p>\n<p>&nbsp;<\/p>\n<p>Za ji\u017e dlouholetou sponzorskou pomoc d\u011bkujeme spole\u010dnosti TEKOS Klimkovice s.r.o., d\u00edky kter\u00e9 se n\u00e1m poda\u0159ilo zajistit chod odd\u00edlu v\u00a0minul\u00fdch letech a jej\u00ed\u017e logo m\u016f\u017eete na kurtech ji\u017e del\u0161\u00ed dobu vid\u011bt.<\/p>\n<p><img loading=\"lazy\" decoding=\"async\" class=\"alignleft wp-image-308 size-full\" src=\"http:\/\/www.tenisdolnilhota.cz\/wp-content\/uploads\/2017\/09\/TEKOS.png\" alt=\"\" width=\"529\" height=\"329\" srcset=\"https:\/\/www.tenisdolnilhota.cz\/wp-content\/uploads\/2017\/09\/TEKOS.png 529w, https:\/\/www.tenisdolnilhota.cz\/wp-content\/uploads\/2017\/09\/TEKOS-300x187.png 300w, https:\/\/www.tenisdolnilhota.cz\/wp-content\/uploads\/2017\/09\/TEKOS-80x50.png 80w\" sizes=\"auto, (max-width: 529px) 100vw, 529px\" \/><\/p>\n","protected":false},"excerpt":{"rendered":"<p>Pro zaji\u0161t\u011bn\u00ed chodu na\u0161eho odd\u00edlu, zejm\u00e9na n\u00e1kupu tenisov\u00fdch m\u00ed\u010d\u016f a dal\u0161\u00edho vybaven\u00ed pro tr\u00e9ninky na\u0161ich mlad\u00fdch \u010dlen\u016f uv\u00edt\u00e1me jak\u00fdkoliv finan\u010dn\u00ed sponzorsk\u00fd dar. Logo sponzora m\u016f\u017ee b\u00fdt vyv\u011b\u0161eno na oplocen\u00ed kurtu odd\u00edlu a na t\u011bchto webov\u00fdch str\u00e1nk\u00e1ch. V p\u0159\u00edpad\u011b \u017ee sponzorsk\u00fd &hellip; <a href=\"https:\/\/www.tenisdolnilhota.cz\/index.php\/sponzori\/\">Continued<\/a><\/p>\n","protected":false},"author":2,"featured_media":0,"parent":0,"menu_order":0,"comment_status":"closed","ping_status":"closed","template":"","meta":{"_uag_custom_page_level_css":"","_monsterinsights_skip_tracking":false,"_monsterinsights_sitenote_active":false,"_monsterinsights_sitenote_note":"","_monsterinsights_sitenote_category":0,"footnotes":""},"class_list":["post-41","page","type-page","status-publish","hentry"],"yoast_head":"<!-- This site is optimized with the Yoast SEO plugin v23.4 - https:\/\/yoast.com\/wordpress\/plugins\/seo\/ -->\n<title>Sponzo\u0159i - Tenisov\u00fd odd\u00edl - TJ SOKOL Doln\u00ed Lhota<\/title>\n<meta name=\"robots\" content=\"index, follow, max-snippet:-1, max-image-preview:large, max-video-preview:-1\" \/>\n<link rel=\"canonical\" href=\"https:\/\/www.tenisdolnilhota.cz\/index.php\/sponzori\/\" \/>\n<meta property=\"og:locale\" content=\"cs_CZ\" \/>\n<meta property=\"og:type\" content=\"article\" \/>\n<meta property=\"og:title\" content=\"Sponzo\u0159i - Tenisov\u00fd odd\u00edl - TJ SOKOL Doln\u00ed Lhota\" \/>\n<meta property=\"og:description\" content=\"Pro zaji\u0161t\u011bn\u00ed chodu na\u0161eho odd\u00edlu, zejm\u00e9na n\u00e1kupu tenisov\u00fdch m\u00ed\u010d\u016f a dal\u0161\u00edho vybaven\u00ed pro tr\u00e9ninky na\u0161ich mlad\u00fdch \u010dlen\u016f uv\u00edt\u00e1me jak\u00fdkoliv finan\u010dn\u00ed sponzorsk\u00fd dar. Logo sponzora m\u016f\u017ee b\u00fdt vyv\u011b\u0161eno na oplocen\u00ed kurtu odd\u00edlu a na t\u011bchto webov\u00fdch str\u00e1nk\u00e1ch. V p\u0159\u00edpad\u011b \u017ee sponzorsk\u00fd &hellip; Continued\" \/>\n<meta property=\"og:url\" content=\"https:\/\/www.tenisdolnilhota.cz\/index.php\/sponzori\/\" \/>\n<meta property=\"og:site_name\" content=\"Tenisov\u00fd odd\u00edl - TJ SOKOL Doln\u00ed Lhota\" \/>\n<meta property=\"article:modified_time\" content=\"2018-05-09T08:15:36+00:00\" \/>\n<meta property=\"og:image\" content=\"http:\/\/www.tenisdolnilhota.cz\/wp-content\/uploads\/2017\/09\/TEKOS.png\" \/>\n<meta name=\"twitter:card\" content=\"summary_large_image\" \/>\n<meta name=\"twitter:label1\" content=\"Odhadovan\u00e1 doba \u010dten\u00ed\" \/>\n\t<meta name=\"twitter:data1\" content=\"1 minuta\" \/>\n<script type=\"application\/ld+json\" class=\"yoast-schema-graph\">{\"@context\":\"https:\/\/schema.org\",\"@graph\":[{\"@type\":\"WebPage\",\"@id\":\"https:\/\/www.tenisdolnilhota.cz\/index.php\/sponzori\/\",\"url\":\"https:\/\/www.tenisdolnilhota.cz\/index.php\/sponzori\/\",\"name\":\"Sponzo\u0159i - Tenisov\u00fd odd\u00edl - TJ SOKOL Doln\u00ed Lhota\",\"isPartOf\":{\"@id\":\"https:\/\/www.tenisdolnilhota.cz\/#website\"},\"primaryImageOfPage\":{\"@id\":\"https:\/\/www.tenisdolnilhota.cz\/index.php\/sponzori\/#primaryimage\"},\"image\":{\"@id\":\"https:\/\/www.tenisdolnilhota.cz\/index.php\/sponzori\/#primaryimage\"},\"thumbnailUrl\":\"http:\/\/www.tenisdolnilhota.cz\/wp-content\/uploads\/2017\/09\/TEKOS.png\",\"datePublished\":\"2017-09-05T19:21:12+00:00\",\"dateModified\":\"2018-05-09T08:15:36+00:00\",\"breadcrumb\":{\"@id\":\"https:\/\/www.tenisdolnilhota.cz\/index.php\/sponzori\/#breadcrumb\"},\"inLanguage\":\"cs\",\"potentialAction\":[{\"@type\":\"ReadAction\",\"target\":[\"https:\/\/www.tenisdolnilhota.cz\/index.php\/sponzori\/\"]}]},{\"@type\":\"ImageObject\",\"inLanguage\":\"cs\",\"@id\":\"https:\/\/www.tenisdolnilhota.cz\/index.php\/sponzori\/#primaryimage\",\"url\":\"https:\/\/www.tenisdolnilhota.cz\/wp-content\/uploads\/2017\/09\/TEKOS.png\",\"contentUrl\":\"https:\/\/www.tenisdolnilhota.cz\/wp-content\/uploads\/2017\/09\/TEKOS.png\",\"width\":529,\"height\":329},{\"@type\":\"BreadcrumbList\",\"@id\":\"https:\/\/www.tenisdolnilhota.cz\/index.php\/sponzori\/#breadcrumb\",\"itemListElement\":[{\"@type\":\"ListItem\",\"position\":1,\"name\":\"Dom\u016f\",\"item\":\"https:\/\/www.tenisdolnilhota.cz\/\"},{\"@type\":\"ListItem\",\"position\":2,\"name\":\"Sponzo\u0159i\"}]},{\"@type\":\"WebSite\",\"@id\":\"https:\/\/www.tenisdolnilhota.cz\/#website\",\"url\":\"https:\/\/www.tenisdolnilhota.cz\/\",\"name\":\"Tenisov\u00fd odd\u00edl - TJ SOKOL Doln\u00ed Lhota\",\"description\":\"\",\"potentialAction\":[{\"@type\":\"SearchAction\",\"target\":{\"@type\":\"EntryPoint\",\"urlTemplate\":\"https:\/\/www.tenisdolnilhota.cz\/?s={search_term_string}\"},\"query-input\":{\"@type\":\"PropertyValueSpecification\",\"valueRequired\":true,\"valueName\":\"search_term_string\"}}],\"inLanguage\":\"cs\"}]}<\/script>\n<!-- \/ Yoast SEO plugin. -->","yoast_head_json":{"title":"Sponzo\u0159i - Tenisov\u00fd odd\u00edl - TJ SOKOL Doln\u00ed Lhota","robots":{"index":"index","follow":"follow","max-snippet":"max-snippet:-1","max-image-preview":"max-image-preview:large","max-video-preview":"max-video-preview:-1"},"canonical":"https:\/\/www.tenisdolnilhota.cz\/index.php\/sponzori\/","og_locale":"cs_CZ","og_type":"article","og_title":"Sponzo\u0159i - Tenisov\u00fd odd\u00edl - TJ SOKOL Doln\u00ed Lhota","og_description":"Pro zaji\u0161t\u011bn\u00ed chodu na\u0161eho odd\u00edlu, zejm\u00e9na n\u00e1kupu tenisov\u00fdch m\u00ed\u010d\u016f a dal\u0161\u00edho vybaven\u00ed pro tr\u00e9ninky na\u0161ich mlad\u00fdch \u010dlen\u016f uv\u00edt\u00e1me jak\u00fdkoliv finan\u010dn\u00ed sponzorsk\u00fd dar. Logo sponzora m\u016f\u017ee b\u00fdt vyv\u011b\u0161eno na oplocen\u00ed kurtu odd\u00edlu a na t\u011bchto webov\u00fdch str\u00e1nk\u00e1ch. V p\u0159\u00edpad\u011b \u017ee sponzorsk\u00fd &hellip; Continued","og_url":"https:\/\/www.tenisdolnilhota.cz\/index.php\/sponzori\/","og_site_name":"Tenisov\u00fd odd\u00edl - TJ SOKOL Doln\u00ed Lhota","article_modified_time":"2018-05-09T08:15:36+00:00","og_image":[{"url":"http:\/\/www.tenisdolnilhota.cz\/wp-content\/uploads\/2017\/09\/TEKOS.png"}],"twitter_card":"summary_large_image","twitter_misc":{"Odhadovan\u00e1 doba \u010dten\u00ed":"1 minuta"},"schema":{"@context":"https:\/\/schema.org","@graph":[{"@type":"WebPage","@id":"https:\/\/www.tenisdolnilhota.cz\/index.php\/sponzori\/","url":"https:\/\/www.tenisdolnilhota.cz\/index.php\/sponzori\/","name":"Sponzo\u0159i - Tenisov\u00fd odd\u00edl - TJ SOKOL Doln\u00ed Lhota","isPartOf":{"@id":"https:\/\/www.tenisdolnilhota.cz\/#website"},"primaryImageOfPage":{"@id":"https:\/\/www.tenisdolnilhota.cz\/index.php\/sponzori\/#primaryimage"},"image":{"@id":"https:\/\/www.tenisdolnilhota.cz\/index.php\/sponzori\/#primaryimage"},"thumbnailUrl":"http:\/\/www.tenisdolnilhota.cz\/wp-content\/uploads\/2017\/09\/TEKOS.png","datePublished":"2017-09-05T19:21:12+00:00","dateModified":"2018-05-09T08:15:36+00:00","breadcrumb":{"@id":"https:\/\/www.tenisdolnilhota.cz\/index.php\/sponzori\/#breadcrumb"},"inLanguage":"cs","potentialAction":[{"@type":"ReadAction","target":["https:\/\/www.tenisdolnilhota.cz\/index.php\/sponzori\/"]}]},{"@type":"ImageObject","inLanguage":"cs","@id":"https:\/\/www.tenisdolnilhota.cz\/index.php\/sponzori\/#primaryimage","url":"https:\/\/www.tenisdolnilhota.cz\/wp-content\/uploads\/2017\/09\/TEKOS.png","contentUrl":"https:\/\/www.tenisdolnilhota.cz\/wp-content\/uploads\/2017\/09\/TEKOS.png","width":529,"height":329},{"@type":"BreadcrumbList","@id":"https:\/\/www.tenisdolnilhota.cz\/index.php\/sponzori\/#breadcrumb","itemListElement":[{"@type":"ListItem","position":1,"name":"Dom\u016f","item":"https:\/\/www.tenisdolnilhota.cz\/"},{"@type":"ListItem","position":2,"name":"Sponzo\u0159i"}]},{"@type":"WebSite","@id":"https:\/\/www.tenisdolnilhota.cz\/#website","url":"https:\/\/www.tenisdolnilhota.cz\/","name":"Tenisov\u00fd odd\u00edl - TJ SOKOL Doln\u00ed Lhota","description":"","potentialAction":[{"@type":"SearchAction","target":{"@type":"EntryPoint","urlTemplate":"https:\/\/www.tenisdolnilhota.cz\/?s={search_term_string}"},"query-input":{"@type":"PropertyValueSpecification","valueRequired":true,"valueName":"search_term_string"}}],"inLanguage":"cs"}]}},"uagb_featured_image_src":{"full":false,"thumbnail":false,"medium":false,"medium_large":false,"large":false,"1536x1536":false,"2048x2048":false,"widget-thumb":false,"sow-carousel-default":false},"uagb_author_info":{"display_name":"Michal Opat","author_link":"https:\/\/www.tenisdolnilhota.cz\/index.php\/author\/opat\/"},"uagb_comment_info":0,"uagb_excerpt":"Pro zaji\u0161t\u011bn\u00ed chodu na\u0161eho odd\u00edlu, zejm\u00e9na n\u00e1kupu tenisov\u00fdch m\u00ed\u010d\u016f a dal\u0161\u00edho vybaven\u00ed pro tr\u00e9ninky na\u0161ich mlad\u00fdch \u010dlen\u016f uv\u00edt\u00e1me jak\u00fdkoliv finan\u010dn\u00ed sponzorsk\u00fd dar. Logo sponzora m\u016f\u017ee b\u00fdt vyv\u011b\u0161eno na oplocen\u00ed kurtu odd\u00edlu a na t\u011bchto webov\u00fdch str\u00e1nk\u00e1ch. V p\u0159\u00edpad\u011b \u017ee sponzorsk\u00fd &hellip; Continued","_links":{"self":[{"href":"https:\/\/www.tenisdolnilhota.cz\/index.php\/wp-json\/wp\/v2\/pages\/41","targetHints":{"allow":["GET"]}}],"collection":[{"href":"https:\/\/www.tenisdolnilhota.cz\/index.php\/wp-json\/wp\/v2\/pages"}],"about":[{"href":"https:\/\/www.tenisdolnilhota.cz\/index.php\/wp-json\/wp\/v2\/types\/page"}],"author":[{"embeddable":true,"href":"https:\/\/www.tenisdolnilhota.cz\/index.php\/wp-json\/wp\/v2\/users\/2"}],"replies":[{"embeddable":true,"href":"https:\/\/www.tenisdolnilhota.cz\/index.php\/wp-json\/wp\/v2\/comments?post=41"}],"version-history":[{"count":6,"href":"https:\/\/www.tenisdolnilhota.cz\/index.php\/wp-json\/wp\/v2\/pages\/41\/revisions"}],"predecessor-version":[{"id":1233,"href":"https:\/\/www.tenisdolnilhota.cz\/index.php\/wp-json\/wp\/v2\/pages\/41\/revisions\/1233"}],"wp:attachment":[{"href":"https:\/\/www.tenisdolnilhota.cz\/index.php\/wp-json\/wp\/v2\/media?parent=41"}],"curies":[{"name":"wp","href":"https:\/\/api.w.org\/{rel}","templated":true}]}}