{"id":320,"date":"2017-09-22T12:12:29","date_gmt":"2017-09-22T10:12:29","guid":{"rendered":"http:\/\/www.tenisdolnilhota.cz\/?page_id=320"},"modified":"2017-10-06T10:26:53","modified_gmt":"2017-10-06T08:26:53","slug":"clenska-zakladna","status":"publish","type":"page","link":"https:\/\/www.tenisdolnilhota.cz\/index.php\/clenska-zakladna\/","title":{"rendered":"\u010clensk\u00e1 z\u00e1kladna"},"content":{"rendered":"<p>Cel\u00e1 \u010dlensk\u00e1 z\u00e1kladna tenisov\u00e9ho odd\u00edlu je zna\u010dn\u011b pohybliv\u00fd celek, d\u011bti p\u0159ich\u00e1zej\u00ed a zase odch\u00e1zej\u00ed, dor\u016fstaj\u00ed do v\u011bku vhodn\u00e9ho pro tenis a dal\u0161\u00ed naopak dosp\u00edvaj\u00ed a n\u011bkte\u0159\u00ed z\u00a0nich tenis opou\u0161t\u011bj\u00ed, jin\u00ed pokra\u010duj\u00ed nap\u0159\u00edklad jako z\u00e1vodn\u00ed \u010di rekrea\u010dn\u00ed hr\u00e1\u010di nebo tren\u00e9\u0159i.<\/p>\n<p>Tenisov\u00fd odd\u00edl je zam\u011b\u0159en p\u0159edev\u0161\u00edm na d\u011bti a to v\u0161ech v\u011bkov\u00fdch kategori\u00ed od cca 5 let a\u017e do dosp\u011blosti. Tuto po\u010detnou skupinu d\u011bt\u00ed pak dopl\u0148uj\u00ed hraj\u00edc\u00ed a tr\u00e9nuj\u00edc\u00ed dosp\u011bl\u00ed, u nich\u017e se zam\u011b\u0159ujeme na vylep\u0161en\u00ed techniky a taktiky hry, p\u0159\u00edpadn\u011b na \u010dty\u0159hru.<\/p>\n<p>N\u00e1sleduj\u00edc\u00ed tabulka pak uv\u00e1d\u00ed po\u010det d\u011bt\u00ed i dosp\u011bl\u00fdch v\u00a0jednotliv\u00fdch v\u011bkov\u00fdch kategori\u00edch tak, jak se \u010dlen\u00ed podle tenisov\u00fdch \u0159\u00e1d\u016f a ro\u010dn\u00edk\u016f narozen\u00ed. Jedn\u00e1 se o seznam platn\u00fd v\u00a0roce 2017.<\/p>\n<table border=\"1\" cellpadding=\"3\">\n<tbody>\n<tr>\n<td align=\"center\">Ro\u010dn\u00edky narozen\u00ed<\/td>\n<td align=\"center\">V\u011bkov\u00e1 kategorie<\/td>\n<td align=\"center\">Po\u010det \u010dlen\u016f odd\u00edlu<\/td>\n<\/tr>\n<tr>\n<td align=\"center\">2010 a mlad\u0161\u00ed<\/td>\n<td align=\"center\">MINITENIST\u00c9<\/td>\n<td align=\"center\">12<\/td>\n<\/tr>\n<tr>\n<td align=\"center\">2008 a 2009<\/td>\n<td align=\"center\">BABYTENIST\u00c9<\/td>\n<td align=\"center\">15<\/td>\n<\/tr>\n<tr>\n<td align=\"center\">2005 a\u017e 2007<\/td>\n<td align=\"center\">MLAD\u0160\u00cd \u017d\u00c1CI<\/td>\n<td align=\"center\">16<\/td>\n<\/tr>\n<tr>\n<td align=\"center\">2003 a 2004<\/td>\n<td align=\"center\">STAR\u0160\u00cd \u017d\u00c1CI<\/td>\n<td align=\"center\">6<\/td>\n<\/tr>\n<tr>\n<td align=\"center\">1999 a\u017e 2002<\/td>\n<td align=\"center\">DOROST<\/td>\n<td align=\"center\">8<\/td>\n<\/tr>\n<tr>\n<td align=\"center\">1998 a star\u0161\u00ed<\/td>\n<td align=\"center\">DOSP\u011aL\u00cd<\/td>\n<td align=\"center\">11<\/td>\n<\/tr>\n<tr>\n<td colspan=\"2\" align=\"center\">\u00a0Tren\u00e9\u0159i<\/td>\n<td align=\"center\">6<\/td>\n<\/tr>\n<tr>\n<td colspan=\"2\" align=\"center\"><strong>CELKEM<\/strong><\/td>\n<td align=\"center\"><strong>74<\/strong><\/td>\n<\/tr>\n<\/tbody>\n<\/table>\n","protected":false},"excerpt":{"rendered":"<p>Cel\u00e1 \u010dlensk\u00e1 z\u00e1kladna tenisov\u00e9ho odd\u00edlu je zna\u010dn\u011b pohybliv\u00fd celek, d\u011bti p\u0159ich\u00e1zej\u00ed a zase odch\u00e1zej\u00ed, dor\u016fstaj\u00ed do v\u011bku vhodn\u00e9ho pro tenis a dal\u0161\u00ed naopak dosp\u00edvaj\u00ed a n\u011bkte\u0159\u00ed z\u00a0nich tenis opou\u0161t\u011bj\u00ed, jin\u00ed pokra\u010duj\u00ed nap\u0159\u00edklad jako z\u00e1vodn\u00ed \u010di rekrea\u010dn\u00ed hr\u00e1\u010di nebo tren\u00e9\u0159i. Tenisov\u00fd &hellip; <a href=\"https:\/\/www.tenisdolnilhota.cz\/index.php\/clenska-zakladna\/\">Continued<\/a><\/p>\n","protected":false},"author":2,"featured_media":0,"parent":0,"menu_order":0,"comment_status":"closed","ping_status":"closed","template":"","meta":{"_uag_custom_page_level_css":"","_monsterinsights_skip_tracking":false,"_monsterinsights_sitenote_active":false,"_monsterinsights_sitenote_note":"","_monsterinsights_sitenote_category":0,"footnotes":""},"class_list":["post-320","page","type-page","status-publish","hentry"],"yoast_head":"<!-- This site is optimized with the Yoast SEO plugin v23.4 - https:\/\/yoast.com\/wordpress\/plugins\/seo\/ -->\n<title>\u010clensk\u00e1 z\u00e1kladna - Tenisov\u00fd odd\u00edl - TJ SOKOL Doln\u00ed Lhota<\/title>\n<meta name=\"robots\" content=\"index, follow, max-snippet:-1, max-image-preview:large, max-video-preview:-1\" \/>\n<link rel=\"canonical\" href=\"https:\/\/www.tenisdolnilhota.cz\/index.php\/clenska-zakladna\/\" \/>\n<meta property=\"og:locale\" content=\"cs_CZ\" \/>\n<meta property=\"og:type\" content=\"article\" \/>\n<meta property=\"og:title\" content=\"\u010clensk\u00e1 z\u00e1kladna - Tenisov\u00fd odd\u00edl - TJ SOKOL Doln\u00ed Lhota\" \/>\n<meta property=\"og:description\" content=\"Cel\u00e1 \u010dlensk\u00e1 z\u00e1kladna tenisov\u00e9ho odd\u00edlu je zna\u010dn\u011b pohybliv\u00fd celek, d\u011bti p\u0159ich\u00e1zej\u00ed a zase odch\u00e1zej\u00ed, dor\u016fstaj\u00ed do v\u011bku vhodn\u00e9ho pro tenis a dal\u0161\u00ed naopak dosp\u00edvaj\u00ed a n\u011bkte\u0159\u00ed z\u00a0nich tenis opou\u0161t\u011bj\u00ed, jin\u00ed pokra\u010duj\u00ed nap\u0159\u00edklad jako z\u00e1vodn\u00ed \u010di rekrea\u010dn\u00ed hr\u00e1\u010di nebo tren\u00e9\u0159i. Tenisov\u00fd &hellip; Continued\" \/>\n<meta property=\"og:url\" content=\"https:\/\/www.tenisdolnilhota.cz\/index.php\/clenska-zakladna\/\" \/>\n<meta property=\"og:site_name\" content=\"Tenisov\u00fd odd\u00edl - TJ SOKOL Doln\u00ed Lhota\" \/>\n<meta property=\"article:modified_time\" content=\"2017-10-06T08:26:53+00:00\" \/>\n<meta name=\"twitter:card\" content=\"summary_large_image\" \/>\n<meta name=\"twitter:label1\" content=\"Odhadovan\u00e1 doba \u010dten\u00ed\" \/>\n\t<meta name=\"twitter:data1\" content=\"1 minuta\" \/>\n<script type=\"application\/ld+json\" class=\"yoast-schema-graph\">{\"@context\":\"https:\/\/schema.org\",\"@graph\":[{\"@type\":\"WebPage\",\"@id\":\"https:\/\/www.tenisdolnilhota.cz\/index.php\/clenska-zakladna\/\",\"url\":\"https:\/\/www.tenisdolnilhota.cz\/index.php\/clenska-zakladna\/\",\"name\":\"\u010clensk\u00e1 z\u00e1kladna - Tenisov\u00fd odd\u00edl - TJ SOKOL Doln\u00ed Lhota\",\"isPartOf\":{\"@id\":\"https:\/\/www.tenisdolnilhota.cz\/#website\"},\"datePublished\":\"2017-09-22T10:12:29+00:00\",\"dateModified\":\"2017-10-06T08:26:53+00:00\",\"breadcrumb\":{\"@id\":\"https:\/\/www.tenisdolnilhota.cz\/index.php\/clenska-zakladna\/#breadcrumb\"},\"inLanguage\":\"cs\",\"potentialAction\":[{\"@type\":\"ReadAction\",\"target\":[\"https:\/\/www.tenisdolnilhota.cz\/index.php\/clenska-zakladna\/\"]}]},{\"@type\":\"BreadcrumbList\",\"@id\":\"https:\/\/www.tenisdolnilhota.cz\/index.php\/clenska-zakladna\/#breadcrumb\",\"itemListElement\":[{\"@type\":\"ListItem\",\"position\":1,\"name\":\"Dom\u016f\",\"item\":\"https:\/\/www.tenisdolnilhota.cz\/\"},{\"@type\":\"ListItem\",\"position\":2,\"name\":\"\u010clensk\u00e1 z\u00e1kladna\"}]},{\"@type\":\"WebSite\",\"@id\":\"https:\/\/www.tenisdolnilhota.cz\/#website\",\"url\":\"https:\/\/www.tenisdolnilhota.cz\/\",\"name\":\"Tenisov\u00fd odd\u00edl - TJ SOKOL Doln\u00ed Lhota\",\"description\":\"\",\"potentialAction\":[{\"@type\":\"SearchAction\",\"target\":{\"@type\":\"EntryPoint\",\"urlTemplate\":\"https:\/\/www.tenisdolnilhota.cz\/?s={search_term_string}\"},\"query-input\":{\"@type\":\"PropertyValueSpecification\",\"valueRequired\":true,\"valueName\":\"search_term_string\"}}],\"inLanguage\":\"cs\"}]}<\/script>\n<!-- \/ Yoast SEO plugin. -->","yoast_head_json":{"title":"\u010clensk\u00e1 z\u00e1kladna - Tenisov\u00fd odd\u00edl - TJ SOKOL Doln\u00ed Lhota","robots":{"index":"index","follow":"follow","max-snippet":"max-snippet:-1","max-image-preview":"max-image-preview:large","max-video-preview":"max-video-preview:-1"},"canonical":"https:\/\/www.tenisdolnilhota.cz\/index.php\/clenska-zakladna\/","og_locale":"cs_CZ","og_type":"article","og_title":"\u010clensk\u00e1 z\u00e1kladna - Tenisov\u00fd odd\u00edl - TJ SOKOL Doln\u00ed Lhota","og_description":"Cel\u00e1 \u010dlensk\u00e1 z\u00e1kladna tenisov\u00e9ho odd\u00edlu je zna\u010dn\u011b pohybliv\u00fd celek, d\u011bti p\u0159ich\u00e1zej\u00ed a zase odch\u00e1zej\u00ed, dor\u016fstaj\u00ed do v\u011bku vhodn\u00e9ho pro tenis a dal\u0161\u00ed naopak dosp\u00edvaj\u00ed a n\u011bkte\u0159\u00ed z\u00a0nich tenis opou\u0161t\u011bj\u00ed, jin\u00ed pokra\u010duj\u00ed nap\u0159\u00edklad jako z\u00e1vodn\u00ed \u010di rekrea\u010dn\u00ed hr\u00e1\u010di nebo tren\u00e9\u0159i. Tenisov\u00fd &hellip; Continued","og_url":"https:\/\/www.tenisdolnilhota.cz\/index.php\/clenska-zakladna\/","og_site_name":"Tenisov\u00fd odd\u00edl - TJ SOKOL Doln\u00ed Lhota","article_modified_time":"2017-10-06T08:26:53+00:00","twitter_card":"summary_large_image","twitter_misc":{"Odhadovan\u00e1 doba \u010dten\u00ed":"1 minuta"},"schema":{"@context":"https:\/\/schema.org","@graph":[{"@type":"WebPage","@id":"https:\/\/www.tenisdolnilhota.cz\/index.php\/clenska-zakladna\/","url":"https:\/\/www.tenisdolnilhota.cz\/index.php\/clenska-zakladna\/","name":"\u010clensk\u00e1 z\u00e1kladna - Tenisov\u00fd odd\u00edl - TJ SOKOL Doln\u00ed Lhota","isPartOf":{"@id":"https:\/\/www.tenisdolnilhota.cz\/#website"},"datePublished":"2017-09-22T10:12:29+00:00","dateModified":"2017-10-06T08:26:53+00:00","breadcrumb":{"@id":"https:\/\/www.tenisdolnilhota.cz\/index.php\/clenska-zakladna\/#breadcrumb"},"inLanguage":"cs","potentialAction":[{"@type":"ReadAction","target":["https:\/\/www.tenisdolnilhota.cz\/index.php\/clenska-zakladna\/"]}]},{"@type":"BreadcrumbList","@id":"https:\/\/www.tenisdolnilhota.cz\/index.php\/clenska-zakladna\/#breadcrumb","itemListElement":[{"@type":"ListItem","position":1,"name":"Dom\u016f","item":"https:\/\/www.tenisdolnilhota.cz\/"},{"@type":"ListItem","position":2,"name":"\u010clensk\u00e1 z\u00e1kladna"}]},{"@type":"WebSite","@id":"https:\/\/www.tenisdolnilhota.cz\/#website","url":"https:\/\/www.tenisdolnilhota.cz\/","name":"Tenisov\u00fd odd\u00edl - TJ SOKOL Doln\u00ed Lhota","description":"","potentialAction":[{"@type":"SearchAction","target":{"@type":"EntryPoint","urlTemplate":"https:\/\/www.tenisdolnilhota.cz\/?s={search_term_string}"},"query-input":{"@type":"PropertyValueSpecification","valueRequired":true,"valueName":"search_term_string"}}],"inLanguage":"cs"}]}},"uagb_featured_image_src":{"full":false,"thumbnail":false,"medium":false,"medium_large":false,"large":false,"1536x1536":false,"2048x2048":false,"widget-thumb":false,"sow-carousel-default":false},"uagb_author_info":{"display_name":"Michal Opat","author_link":"https:\/\/www.tenisdolnilhota.cz\/index.php\/author\/opat\/"},"uagb_comment_info":0,"uagb_excerpt":"Cel\u00e1 \u010dlensk\u00e1 z\u00e1kladna tenisov\u00e9ho odd\u00edlu je zna\u010dn\u011b pohybliv\u00fd celek, d\u011bti p\u0159ich\u00e1zej\u00ed a zase odch\u00e1zej\u00ed, dor\u016fstaj\u00ed do v\u011bku vhodn\u00e9ho pro tenis a dal\u0161\u00ed naopak dosp\u00edvaj\u00ed a n\u011bkte\u0159\u00ed z\u00a0nich tenis opou\u0161t\u011bj\u00ed, jin\u00ed pokra\u010duj\u00ed nap\u0159\u00edklad jako z\u00e1vodn\u00ed \u010di rekrea\u010dn\u00ed hr\u00e1\u010di nebo tren\u00e9\u0159i. Tenisov\u00fd &hellip; Continued","_links":{"self":[{"href":"https:\/\/www.tenisdolnilhota.cz\/index.php\/wp-json\/wp\/v2\/pages\/320","targetHints":{"allow":["GET"]}}],"collection":[{"href":"https:\/\/www.tenisdolnilhota.cz\/index.php\/wp-json\/wp\/v2\/pages"}],"about":[{"href":"https:\/\/www.tenisdolnilhota.cz\/index.php\/wp-json\/wp\/v2\/types\/page"}],"author":[{"embeddable":true,"href":"https:\/\/www.tenisdolnilhota.cz\/index.php\/wp-json\/wp\/v2\/users\/2"}],"replies":[{"embeddable":true,"href":"https:\/\/www.tenisdolnilhota.cz\/index.php\/wp-json\/wp\/v2\/comments?post=320"}],"version-history":[{"count":6,"href":"https:\/\/www.tenisdolnilhota.cz\/index.php\/wp-json\/wp\/v2\/pages\/320\/revisions"}],"predecessor-version":[{"id":990,"href":"https:\/\/www.tenisdolnilhota.cz\/index.php\/wp-json\/wp\/v2\/pages\/320\/revisions\/990"}],"wp:attachment":[{"href":"https:\/\/www.tenisdolnilhota.cz\/index.php\/wp-json\/wp\/v2\/media?parent=320"}],"curies":[{"name":"wp","href":"https:\/\/api.w.org\/{rel}","templated":true}]}}