{"id":2377,"date":"2019-01-01T19:17:06","date_gmt":"2019-01-01T18:17:06","guid":{"rendered":"http:\/\/www.tenisdolnilhota.cz\/?page_id=2377"},"modified":"2019-01-01T19:44:59","modified_gmt":"2019-01-01T18:44:59","slug":"vanocni-turnaj-2018","status":"publish","type":"page","link":"https:\/\/www.tenisdolnilhota.cz\/index.php\/vanocni-turnaj-2018\/","title":{"rendered":"V\u00e1no\u010dn\u00ed turnaj 2018"},"content":{"rendered":"<div id=\"kad-wp-gallery50\" class=\"kad-wp-gallery kad-light-wp-gallery clearfix kt-gallery-column-4 rowtight\"><div class=\"tcol-lg-3 tcol-md-3 tcol-sm-4 tcol-xs-6 tcol-ss-12 g_item\"><div class=\"grid_item kad_gallery_fade_in gallery_item\"><a href=\"https:\/\/www.tenisdolnilhota.cz\/wp-content\/uploads\/2019\/01\/VanocniTurnaj2018_17.jpg\" data-rel=\"lightbox\" class=\"lightboxhover\"><img loading=\"lazy\" decoding=\"async\" src=\"https:\/\/www.tenisdolnilhota.cz\/wp-content\/uploads\/2019\/01\/VanocniTurnaj2018_17-300x300.jpg\" width=\"300\" height=\"300\" alt=\"dav\" srcset=\"https:\/\/www.tenisdolnilhota.cz\/wp-content\/uploads\/2019\/01\/VanocniTurnaj2018_17-300x300.jpg 300w, https:\/\/www.tenisdolnilhota.cz\/wp-content\/uploads\/2019\/01\/VanocniTurnaj2018_17-150x150.jpg 150w, https:\/\/www.tenisdolnilhota.cz\/wp-content\/uploads\/2019\/01\/VanocniTurnaj2018_17-400x400.jpg 400w\" sizes=\"auto, (max-width: 300px) 100vw, 300px\" class=\"light-dropshaddow\"\/><\/a><\/div><\/div><div class=\"tcol-lg-3 tcol-md-3 tcol-sm-4 tcol-xs-6 tcol-ss-12 g_item\"><div class=\"grid_item kad_gallery_fade_in gallery_item\"><a href=\"https:\/\/www.tenisdolnilhota.cz\/wp-content\/uploads\/2019\/01\/VanocniTurnaj2018_16.jpg\" data-rel=\"lightbox\" class=\"lightboxhover\"><img loading=\"lazy\" decoding=\"async\" src=\"https:\/\/www.tenisdolnilhota.cz\/wp-content\/uploads\/2019\/01\/VanocniTurnaj2018_16-300x300.jpg\" width=\"300\" height=\"300\" alt=\"\" srcset=\"https:\/\/www.tenisdolnilhota.cz\/wp-content\/uploads\/2019\/01\/VanocniTurnaj2018_16-300x300.jpg 300w, https:\/\/www.tenisdolnilhota.cz\/wp-content\/uploads\/2019\/01\/VanocniTurnaj2018_16-150x150.jpg 150w, https:\/\/www.tenisdolnilhota.cz\/wp-content\/uploads\/2019\/01\/VanocniTurnaj2018_16-600x600.jpg 600w, https:\/\/www.tenisdolnilhota.cz\/wp-content\/uploads\/2019\/01\/VanocniTurnaj2018_16-400x400.jpg 400w\" sizes=\"auto, (max-width: 300px) 100vw, 300px\" class=\"light-dropshaddow\"\/><\/a><\/div><\/div><div class=\"tcol-lg-3 tcol-md-3 tcol-sm-4 tcol-xs-6 tcol-ss-12 g_item\"><div class=\"grid_item kad_gallery_fade_in gallery_item\"><a href=\"https:\/\/www.tenisdolnilhota.cz\/wp-content\/uploads\/2019\/01\/VanocniTurnaj2018_15.jpg\" data-rel=\"lightbox\" class=\"lightboxhover\"><img loading=\"lazy\" decoding=\"async\" src=\"https:\/\/www.tenisdolnilhota.cz\/wp-content\/uploads\/2019\/01\/VanocniTurnaj2018_15-300x300.jpg\" width=\"300\" height=\"300\" alt=\"dav\" srcset=\"https:\/\/www.tenisdolnilhota.cz\/wp-content\/uploads\/2019\/01\/VanocniTurnaj2018_15-300x300.jpg 300w, https:\/\/www.tenisdolnilhota.cz\/wp-content\/uploads\/2019\/01\/VanocniTurnaj2018_15-150x150.jpg 150w, https:\/\/www.tenisdolnilhota.cz\/wp-content\/uploads\/2019\/01\/VanocniTurnaj2018_15-600x600.jpg 600w, https:\/\/www.tenisdolnilhota.cz\/wp-content\/uploads\/2019\/01\/VanocniTurnaj2018_15-400x400.jpg 400w\" sizes=\"auto, (max-width: 300px) 100vw, 300px\" class=\"light-dropshaddow\"\/><\/a><\/div><\/div><div class=\"tcol-lg-3 tcol-md-3 tcol-sm-4 tcol-xs-6 tcol-ss-12 g_item\"><div class=\"grid_item kad_gallery_fade_in gallery_item\"><a href=\"https:\/\/www.tenisdolnilhota.cz\/wp-content\/uploads\/2019\/01\/VanocniTurnaj2018_14.jpg\" data-rel=\"lightbox\" class=\"lightboxhover\"><img loading=\"lazy\" decoding=\"async\" src=\"https:\/\/www.tenisdolnilhota.cz\/wp-content\/uploads\/2019\/01\/VanocniTurnaj2018_14-300x300.jpg\" width=\"300\" height=\"300\" alt=\"\" srcset=\"https:\/\/www.tenisdolnilhota.cz\/wp-content\/uploads\/2019\/01\/VanocniTurnaj2018_14-300x300.jpg 300w, https:\/\/www.tenisdolnilhota.cz\/wp-content\/uploads\/2019\/01\/VanocniTurnaj2018_14-150x150.jpg 150w, https:\/\/www.tenisdolnilhota.cz\/wp-content\/uploads\/2019\/01\/VanocniTurnaj2018_14-600x600.jpg 600w, https:\/\/www.tenisdolnilhota.cz\/wp-content\/uploads\/2019\/01\/VanocniTurnaj2018_14-400x400.jpg 400w\" sizes=\"auto, (max-width: 300px) 100vw, 300px\" class=\"light-dropshaddow\"\/><\/a><\/div><\/div><div class=\"tcol-lg-3 tcol-md-3 tcol-sm-4 tcol-xs-6 tcol-ss-12 g_item\"><div class=\"grid_item kad_gallery_fade_in gallery_item\"><a href=\"https:\/\/www.tenisdolnilhota.cz\/wp-content\/uploads\/2019\/01\/VanocniTurnaj2018_13.jpg\" data-rel=\"lightbox\" class=\"lightboxhover\"><img loading=\"lazy\" decoding=\"async\" src=\"https:\/\/www.tenisdolnilhota.cz\/wp-content\/uploads\/2019\/01\/VanocniTurnaj2018_13-300x300.jpg\" width=\"300\" height=\"300\" alt=\"\" srcset=\"https:\/\/www.tenisdolnilhota.cz\/wp-content\/uploads\/2019\/01\/VanocniTurnaj2018_13-300x300.jpg 300w, https:\/\/www.tenisdolnilhota.cz\/wp-content\/uploads\/2019\/01\/VanocniTurnaj2018_13-150x150.jpg 150w, https:\/\/www.tenisdolnilhota.cz\/wp-content\/uploads\/2019\/01\/VanocniTurnaj2018_13-600x600.jpg 600w, https:\/\/www.tenisdolnilhota.cz\/wp-content\/uploads\/2019\/01\/VanocniTurnaj2018_13-400x400.jpg 400w\" sizes=\"auto, (max-width: 300px) 100vw, 300px\" class=\"light-dropshaddow\"\/><\/a><\/div><\/div><div class=\"tcol-lg-3 tcol-md-3 tcol-sm-4 tcol-xs-6 tcol-ss-12 g_item\"><div class=\"grid_item kad_gallery_fade_in gallery_item\"><a href=\"https:\/\/www.tenisdolnilhota.cz\/wp-content\/uploads\/2019\/01\/VanocniTurnaj2018_12.jpg\" data-rel=\"lightbox\" class=\"lightboxhover\"><img loading=\"lazy\" decoding=\"async\" src=\"https:\/\/www.tenisdolnilhota.cz\/wp-content\/uploads\/2019\/01\/VanocniTurnaj2018_12-300x300.jpg\" width=\"300\" height=\"300\" alt=\"\" srcset=\"https:\/\/www.tenisdolnilhota.cz\/wp-content\/uploads\/2019\/01\/VanocniTurnaj2018_12-300x300.jpg 300w, https:\/\/www.tenisdolnilhota.cz\/wp-content\/uploads\/2019\/01\/VanocniTurnaj2018_12-150x150.jpg 150w, https:\/\/www.tenisdolnilhota.cz\/wp-content\/uploads\/2019\/01\/VanocniTurnaj2018_12-600x600.jpg 600w, https:\/\/www.tenisdolnilhota.cz\/wp-content\/uploads\/2019\/01\/VanocniTurnaj2018_12-400x400.jpg 400w\" sizes=\"auto, (max-width: 300px) 100vw, 300px\" class=\"light-dropshaddow\"\/><\/a><\/div><\/div><div class=\"tcol-lg-3 tcol-md-3 tcol-sm-4 tcol-xs-6 tcol-ss-12 g_item\"><div class=\"grid_item kad_gallery_fade_in gallery_item\"><a href=\"https:\/\/www.tenisdolnilhota.cz\/wp-content\/uploads\/2019\/01\/VanocniTurnaj2018_11.jpg\" data-rel=\"lightbox\" class=\"lightboxhover\"><img loading=\"lazy\" decoding=\"async\" src=\"https:\/\/www.tenisdolnilhota.cz\/wp-content\/uploads\/2019\/01\/VanocniTurnaj2018_11-300x300.jpg\" width=\"300\" height=\"300\" alt=\"\" srcset=\"https:\/\/www.tenisdolnilhota.cz\/wp-content\/uploads\/2019\/01\/VanocniTurnaj2018_11-300x300.jpg 300w, https:\/\/www.tenisdolnilhota.cz\/wp-content\/uploads\/2019\/01\/VanocniTurnaj2018_11-150x150.jpg 150w, https:\/\/www.tenisdolnilhota.cz\/wp-content\/uploads\/2019\/01\/VanocniTurnaj2018_11-600x600.jpg 600w, https:\/\/www.tenisdolnilhota.cz\/wp-content\/uploads\/2019\/01\/VanocniTurnaj2018_11-400x400.jpg 400w\" sizes=\"auto, (max-width: 300px) 100vw, 300px\" class=\"light-dropshaddow\"\/><\/a><\/div><\/div><div class=\"tcol-lg-3 tcol-md-3 tcol-sm-4 tcol-xs-6 tcol-ss-12 g_item\"><div class=\"grid_item kad_gallery_fade_in gallery_item\"><a href=\"https:\/\/www.tenisdolnilhota.cz\/wp-content\/uploads\/2019\/01\/VanocniTurnaj2018_10.jpg\" data-rel=\"lightbox\" class=\"lightboxhover\"><img loading=\"lazy\" decoding=\"async\" src=\"https:\/\/www.tenisdolnilhota.cz\/wp-content\/uploads\/2019\/01\/VanocniTurnaj2018_10-300x300.jpg\" width=\"300\" height=\"300\" alt=\"\" srcset=\"https:\/\/www.tenisdolnilhota.cz\/wp-content\/uploads\/2019\/01\/VanocniTurnaj2018_10-300x300.jpg 300w, https:\/\/www.tenisdolnilhota.cz\/wp-content\/uploads\/2019\/01\/VanocniTurnaj2018_10-150x150.jpg 150w, https:\/\/www.tenisdolnilhota.cz\/wp-content\/uploads\/2019\/01\/VanocniTurnaj2018_10-600x600.jpg 600w, https:\/\/www.tenisdolnilhota.cz\/wp-content\/uploads\/2019\/01\/VanocniTurnaj2018_10-400x400.jpg 400w\" sizes=\"auto, (max-width: 300px) 100vw, 300px\" class=\"light-dropshaddow\"\/><\/a><\/div><\/div><div class=\"tcol-lg-3 tcol-md-3 tcol-sm-4 tcol-xs-6 tcol-ss-12 g_item\"><div class=\"grid_item kad_gallery_fade_in gallery_item\"><a href=\"https:\/\/www.tenisdolnilhota.cz\/wp-content\/uploads\/2019\/01\/VanocniTurnaj2018_9.jpg\" data-rel=\"lightbox\" class=\"lightboxhover\"><img loading=\"lazy\" decoding=\"async\" src=\"https:\/\/www.tenisdolnilhota.cz\/wp-content\/uploads\/2019\/01\/VanocniTurnaj2018_9-300x300.jpg\" width=\"300\" height=\"300\" alt=\"\" srcset=\"https:\/\/www.tenisdolnilhota.cz\/wp-content\/uploads\/2019\/01\/VanocniTurnaj2018_9-300x300.jpg 300w, https:\/\/www.tenisdolnilhota.cz\/wp-content\/uploads\/2019\/01\/VanocniTurnaj2018_9-150x150.jpg 150w, https:\/\/www.tenisdolnilhota.cz\/wp-content\/uploads\/2019\/01\/VanocniTurnaj2018_9-600x600.jpg 600w, https:\/\/www.tenisdolnilhota.cz\/wp-content\/uploads\/2019\/01\/VanocniTurnaj2018_9-400x400.jpg 400w\" sizes=\"auto, (max-width: 300px) 100vw, 300px\" class=\"light-dropshaddow\"\/><\/a><\/div><\/div><div class=\"tcol-lg-3 tcol-md-3 tcol-sm-4 tcol-xs-6 tcol-ss-12 g_item\"><div class=\"grid_item kad_gallery_fade_in gallery_item\"><a href=\"https:\/\/www.tenisdolnilhota.cz\/wp-content\/uploads\/2019\/01\/VanocniTurnaj2018_8.jpg\" data-rel=\"lightbox\" class=\"lightboxhover\"><img loading=\"lazy\" decoding=\"async\" src=\"https:\/\/www.tenisdolnilhota.cz\/wp-content\/uploads\/2019\/01\/VanocniTurnaj2018_8-300x300.jpg\" width=\"300\" height=\"300\" alt=\"\" srcset=\"https:\/\/www.tenisdolnilhota.cz\/wp-content\/uploads\/2019\/01\/VanocniTurnaj2018_8-300x300.jpg 300w, https:\/\/www.tenisdolnilhota.cz\/wp-content\/uploads\/2019\/01\/VanocniTurnaj2018_8-150x150.jpg 150w, https:\/\/www.tenisdolnilhota.cz\/wp-content\/uploads\/2019\/01\/VanocniTurnaj2018_8-600x600.jpg 600w, https:\/\/www.tenisdolnilhota.cz\/wp-content\/uploads\/2019\/01\/VanocniTurnaj2018_8-400x400.jpg 400w\" sizes=\"auto, (max-width: 300px) 100vw, 300px\" class=\"light-dropshaddow\"\/><\/a><\/div><\/div><div class=\"tcol-lg-3 tcol-md-3 tcol-sm-4 tcol-xs-6 tcol-ss-12 g_item\"><div class=\"grid_item kad_gallery_fade_in gallery_item\"><a href=\"https:\/\/www.tenisdolnilhota.cz\/wp-content\/uploads\/2019\/01\/VanocniTurnaj2018_7.jpg\" data-rel=\"lightbox\" class=\"lightboxhover\"><img loading=\"lazy\" decoding=\"async\" src=\"https:\/\/www.tenisdolnilhota.cz\/wp-content\/uploads\/2019\/01\/VanocniTurnaj2018_7-300x300.jpg\" width=\"300\" height=\"300\" alt=\"\" srcset=\"https:\/\/www.tenisdolnilhota.cz\/wp-content\/uploads\/2019\/01\/VanocniTurnaj2018_7-300x300.jpg 300w, https:\/\/www.tenisdolnilhota.cz\/wp-content\/uploads\/2019\/01\/VanocniTurnaj2018_7-150x150.jpg 150w, https:\/\/www.tenisdolnilhota.cz\/wp-content\/uploads\/2019\/01\/VanocniTurnaj2018_7-600x600.jpg 600w, https:\/\/www.tenisdolnilhota.cz\/wp-content\/uploads\/2019\/01\/VanocniTurnaj2018_7-400x400.jpg 400w\" sizes=\"auto, (max-width: 300px) 100vw, 300px\" class=\"light-dropshaddow\"\/><\/a><\/div><\/div><div class=\"tcol-lg-3 tcol-md-3 tcol-sm-4 tcol-xs-6 tcol-ss-12 g_item\"><div class=\"grid_item kad_gallery_fade_in gallery_item\"><a href=\"https:\/\/www.tenisdolnilhota.cz\/wp-content\/uploads\/2019\/01\/VanocniTurnaj2018_6.jpg\" data-rel=\"lightbox\" class=\"lightboxhover\"><img loading=\"lazy\" decoding=\"async\" src=\"https:\/\/www.tenisdolnilhota.cz\/wp-content\/uploads\/2019\/01\/VanocniTurnaj2018_6-300x300.jpg\" width=\"300\" height=\"300\" alt=\"\" srcset=\"https:\/\/www.tenisdolnilhota.cz\/wp-content\/uploads\/2019\/01\/VanocniTurnaj2018_6-300x300.jpg 300w, https:\/\/www.tenisdolnilhota.cz\/wp-content\/uploads\/2019\/01\/VanocniTurnaj2018_6-150x150.jpg 150w, https:\/\/www.tenisdolnilhota.cz\/wp-content\/uploads\/2019\/01\/VanocniTurnaj2018_6-600x600.jpg 600w, https:\/\/www.tenisdolnilhota.cz\/wp-content\/uploads\/2019\/01\/VanocniTurnaj2018_6-400x400.jpg 400w\" sizes=\"auto, (max-width: 300px) 100vw, 300px\" class=\"light-dropshaddow\"\/><\/a><\/div><\/div><div class=\"tcol-lg-3 tcol-md-3 tcol-sm-4 tcol-xs-6 tcol-ss-12 g_item\"><div class=\"grid_item kad_gallery_fade_in gallery_item\"><a href=\"https:\/\/www.tenisdolnilhota.cz\/wp-content\/uploads\/2019\/01\/VanocniTurnaj2018_5.jpg\" data-rel=\"lightbox\" class=\"lightboxhover\"><img loading=\"lazy\" decoding=\"async\" src=\"https:\/\/www.tenisdolnilhota.cz\/wp-content\/uploads\/2019\/01\/VanocniTurnaj2018_5-300x300.jpg\" width=\"300\" height=\"300\" alt=\"\" srcset=\"https:\/\/www.tenisdolnilhota.cz\/wp-content\/uploads\/2019\/01\/VanocniTurnaj2018_5-300x300.jpg 300w, https:\/\/www.tenisdolnilhota.cz\/wp-content\/uploads\/2019\/01\/VanocniTurnaj2018_5-150x150.jpg 150w, https:\/\/www.tenisdolnilhota.cz\/wp-content\/uploads\/2019\/01\/VanocniTurnaj2018_5-600x600.jpg 600w, https:\/\/www.tenisdolnilhota.cz\/wp-content\/uploads\/2019\/01\/VanocniTurnaj2018_5-400x400.jpg 400w\" sizes=\"auto, (max-width: 300px) 100vw, 300px\" class=\"light-dropshaddow\"\/><\/a><\/div><\/div><div class=\"tcol-lg-3 tcol-md-3 tcol-sm-4 tcol-xs-6 tcol-ss-12 g_item\"><div class=\"grid_item kad_gallery_fade_in gallery_item\"><a href=\"https:\/\/www.tenisdolnilhota.cz\/wp-content\/uploads\/2019\/01\/VanocniTurnaj2018_4.jpg\" data-rel=\"lightbox\" class=\"lightboxhover\"><img loading=\"lazy\" decoding=\"async\" src=\"https:\/\/www.tenisdolnilhota.cz\/wp-content\/uploads\/2019\/01\/VanocniTurnaj2018_4-300x300.jpg\" width=\"300\" height=\"300\" alt=\"\" srcset=\"https:\/\/www.tenisdolnilhota.cz\/wp-content\/uploads\/2019\/01\/VanocniTurnaj2018_4-300x300.jpg 300w, https:\/\/www.tenisdolnilhota.cz\/wp-content\/uploads\/2019\/01\/VanocniTurnaj2018_4-150x150.jpg 150w, https:\/\/www.tenisdolnilhota.cz\/wp-content\/uploads\/2019\/01\/VanocniTurnaj2018_4-600x600.jpg 600w, https:\/\/www.tenisdolnilhota.cz\/wp-content\/uploads\/2019\/01\/VanocniTurnaj2018_4-400x400.jpg 400w\" sizes=\"auto, (max-width: 300px) 100vw, 300px\" class=\"light-dropshaddow\"\/><\/a><\/div><\/div><div class=\"tcol-lg-3 tcol-md-3 tcol-sm-4 tcol-xs-6 tcol-ss-12 g_item\"><div class=\"grid_item kad_gallery_fade_in gallery_item\"><a href=\"https:\/\/www.tenisdolnilhota.cz\/wp-content\/uploads\/2019\/01\/VanocniTurnaj2018_3.jpg\" data-rel=\"lightbox\" class=\"lightboxhover\"><img loading=\"lazy\" decoding=\"async\" src=\"https:\/\/www.tenisdolnilhota.cz\/wp-content\/uploads\/2019\/01\/VanocniTurnaj2018_3-300x300.jpg\" width=\"300\" height=\"300\" alt=\"\" srcset=\"https:\/\/www.tenisdolnilhota.cz\/wp-content\/uploads\/2019\/01\/VanocniTurnaj2018_3-300x300.jpg 300w, https:\/\/www.tenisdolnilhota.cz\/wp-content\/uploads\/2019\/01\/VanocniTurnaj2018_3-150x150.jpg 150w, https:\/\/www.tenisdolnilhota.cz\/wp-content\/uploads\/2019\/01\/VanocniTurnaj2018_3-600x600.jpg 600w, https:\/\/www.tenisdolnilhota.cz\/wp-content\/uploads\/2019\/01\/VanocniTurnaj2018_3-400x400.jpg 400w\" sizes=\"auto, (max-width: 300px) 100vw, 300px\" class=\"light-dropshaddow\"\/><\/a><\/div><\/div><div class=\"tcol-lg-3 tcol-md-3 tcol-sm-4 tcol-xs-6 tcol-ss-12 g_item\"><div class=\"grid_item kad_gallery_fade_in gallery_item\"><a href=\"https:\/\/www.tenisdolnilhota.cz\/wp-content\/uploads\/2019\/01\/VanocniTurnaj2018_2.jpg\" data-rel=\"lightbox\" class=\"lightboxhover\"><img loading=\"lazy\" decoding=\"async\" src=\"https:\/\/www.tenisdolnilhota.cz\/wp-content\/uploads\/2019\/01\/VanocniTurnaj2018_2-300x300.jpg\" width=\"300\" height=\"300\" alt=\"\" srcset=\"https:\/\/www.tenisdolnilhota.cz\/wp-content\/uploads\/2019\/01\/VanocniTurnaj2018_2-300x300.jpg 300w, https:\/\/www.tenisdolnilhota.cz\/wp-content\/uploads\/2019\/01\/VanocniTurnaj2018_2-150x150.jpg 150w, https:\/\/www.tenisdolnilhota.cz\/wp-content\/uploads\/2019\/01\/VanocniTurnaj2018_2-600x600.jpg 600w, https:\/\/www.tenisdolnilhota.cz\/wp-content\/uploads\/2019\/01\/VanocniTurnaj2018_2-400x400.jpg 400w\" sizes=\"auto, (max-width: 300px) 100vw, 300px\" class=\"light-dropshaddow\"\/><\/a><\/div><\/div><div class=\"tcol-lg-3 tcol-md-3 tcol-sm-4 tcol-xs-6 tcol-ss-12 g_item\"><div class=\"grid_item kad_gallery_fade_in gallery_item\"><a href=\"https:\/\/www.tenisdolnilhota.cz\/wp-content\/uploads\/2019\/01\/VanocniTurnaj2018_1.jpg\" data-rel=\"lightbox\" class=\"lightboxhover\"><img loading=\"lazy\" decoding=\"async\" src=\"https:\/\/www.tenisdolnilhota.cz\/wp-content\/uploads\/2019\/01\/VanocniTurnaj2018_1-300x300.jpg\" width=\"300\" height=\"300\" alt=\"\" srcset=\"https:\/\/www.tenisdolnilhota.cz\/wp-content\/uploads\/2019\/01\/VanocniTurnaj2018_1-300x300.jpg 300w, https:\/\/www.tenisdolnilhota.cz\/wp-content\/uploads\/2019\/01\/VanocniTurnaj2018_1-150x150.jpg 150w, https:\/\/www.tenisdolnilhota.cz\/wp-content\/uploads\/2019\/01\/VanocniTurnaj2018_1-600x600.jpg 600w, https:\/\/www.tenisdolnilhota.cz\/wp-content\/uploads\/2019\/01\/VanocniTurnaj2018_1-400x400.jpg 400w\" sizes=\"auto, (max-width: 300px) 100vw, 300px\" class=\"light-dropshaddow\"\/><\/a><\/div><\/div><\/div>\n","protected":false},"excerpt":{"rendered":"","protected":false},"author":2,"featured_media":0,"parent":0,"menu_order":0,"comment_status":"closed","ping_status":"closed","template":"","meta":{"_uag_custom_page_level_css":"","_monsterinsights_skip_tracking":false,"_monsterinsights_sitenote_active":false,"_monsterinsights_sitenote_note":"","_monsterinsights_sitenote_category":0,"footnotes":""},"class_list":["post-2377","page","type-page","status-publish","hentry"],"yoast_head":"<!-- This site is optimized with the Yoast SEO plugin v23.4 - https:\/\/yoast.com\/wordpress\/plugins\/seo\/ -->\n<title>V\u00e1no\u010dn\u00ed turnaj 2018 - Tenisov\u00fd odd\u00edl - TJ SOKOL Doln\u00ed Lhota<\/title>\n<meta name=\"robots\" content=\"index, follow, max-snippet:-1, max-image-preview:large, max-video-preview:-1\" \/>\n<link rel=\"canonical\" href=\"https:\/\/www.tenisdolnilhota.cz\/index.php\/vanocni-turnaj-2018\/\" \/>\n<meta property=\"og:locale\" content=\"cs_CZ\" \/>\n<meta property=\"og:type\" content=\"article\" \/>\n<meta property=\"og:title\" content=\"V\u00e1no\u010dn\u00ed turnaj 2018 - Tenisov\u00fd odd\u00edl - TJ SOKOL Doln\u00ed Lhota\" \/>\n<meta property=\"og:url\" content=\"https:\/\/www.tenisdolnilhota.cz\/index.php\/vanocni-turnaj-2018\/\" \/>\n<meta property=\"og:site_name\" content=\"Tenisov\u00fd odd\u00edl - TJ SOKOL Doln\u00ed Lhota\" \/>\n<meta property=\"article:modified_time\" content=\"2019-01-01T18:44:59+00:00\" \/>\n<meta property=\"og:image\" content=\"https:\/\/www.tenisdolnilhota.cz\/wp-content\/uploads\/2019\/01\/VanocniTurnaj2018_17-300x300.jpg\" \/>\n<meta name=\"twitter:card\" content=\"summary_large_image\" \/>\n<script type=\"application\/ld+json\" class=\"yoast-schema-graph\">{\"@context\":\"https:\/\/schema.org\",\"@graph\":[{\"@type\":\"WebPage\",\"@id\":\"https:\/\/www.tenisdolnilhota.cz\/index.php\/vanocni-turnaj-2018\/\",\"url\":\"https:\/\/www.tenisdolnilhota.cz\/index.php\/vanocni-turnaj-2018\/\",\"name\":\"V\u00e1no\u010dn\u00ed turnaj 2018 - Tenisov\u00fd odd\u00edl - TJ SOKOL Doln\u00ed Lhota\",\"isPartOf\":{\"@id\":\"https:\/\/www.tenisdolnilhota.cz\/#website\"},\"datePublished\":\"2019-01-01T18:17:06+00:00\",\"dateModified\":\"2019-01-01T18:44:59+00:00\",\"breadcrumb\":{\"@id\":\"https:\/\/www.tenisdolnilhota.cz\/index.php\/vanocni-turnaj-2018\/#breadcrumb\"},\"inLanguage\":\"cs\",\"potentialAction\":[{\"@type\":\"ReadAction\",\"target\":[\"https:\/\/www.tenisdolnilhota.cz\/index.php\/vanocni-turnaj-2018\/\"]}]},{\"@type\":\"BreadcrumbList\",\"@id\":\"https:\/\/www.tenisdolnilhota.cz\/index.php\/vanocni-turnaj-2018\/#breadcrumb\",\"itemListElement\":[{\"@type\":\"ListItem\",\"position\":1,\"name\":\"Dom\u016f\",\"item\":\"https:\/\/www.tenisdolnilhota.cz\/\"},{\"@type\":\"ListItem\",\"position\":2,\"name\":\"V\u00e1no\u010dn\u00ed turnaj 2018\"}]},{\"@type\":\"WebSite\",\"@id\":\"https:\/\/www.tenisdolnilhota.cz\/#website\",\"url\":\"https:\/\/www.tenisdolnilhota.cz\/\",\"name\":\"Tenisov\u00fd odd\u00edl - TJ SOKOL Doln\u00ed Lhota\",\"description\":\"\",\"potentialAction\":[{\"@type\":\"SearchAction\",\"target\":{\"@type\":\"EntryPoint\",\"urlTemplate\":\"https:\/\/www.tenisdolnilhota.cz\/?s={search_term_string}\"},\"query-input\":{\"@type\":\"PropertyValueSpecification\",\"valueRequired\":true,\"valueName\":\"search_term_string\"}}],\"inLanguage\":\"cs\"}]}<\/script>\n<!-- \/ Yoast SEO plugin. -->","yoast_head_json":{"title":"V\u00e1no\u010dn\u00ed turnaj 2018 - Tenisov\u00fd odd\u00edl - TJ SOKOL Doln\u00ed Lhota","robots":{"index":"index","follow":"follow","max-snippet":"max-snippet:-1","max-image-preview":"max-image-preview:large","max-video-preview":"max-video-preview:-1"},"canonical":"https:\/\/www.tenisdolnilhota.cz\/index.php\/vanocni-turnaj-2018\/","og_locale":"cs_CZ","og_type":"article","og_title":"V\u00e1no\u010dn\u00ed turnaj 2018 - Tenisov\u00fd odd\u00edl - TJ SOKOL Doln\u00ed Lhota","og_url":"https:\/\/www.tenisdolnilhota.cz\/index.php\/vanocni-turnaj-2018\/","og_site_name":"Tenisov\u00fd odd\u00edl - TJ SOKOL Doln\u00ed Lhota","article_modified_time":"2019-01-01T18:44:59+00:00","og_image":[{"url":"https:\/\/www.tenisdolnilhota.cz\/wp-content\/uploads\/2019\/01\/VanocniTurnaj2018_17-300x300.jpg"}],"twitter_card":"summary_large_image","schema":{"@context":"https:\/\/schema.org","@graph":[{"@type":"WebPage","@id":"https:\/\/www.tenisdolnilhota.cz\/index.php\/vanocni-turnaj-2018\/","url":"https:\/\/www.tenisdolnilhota.cz\/index.php\/vanocni-turnaj-2018\/","name":"V\u00e1no\u010dn\u00ed turnaj 2018 - Tenisov\u00fd odd\u00edl - TJ SOKOL Doln\u00ed Lhota","isPartOf":{"@id":"https:\/\/www.tenisdolnilhota.cz\/#website"},"datePublished":"2019-01-01T18:17:06+00:00","dateModified":"2019-01-01T18:44:59+00:00","breadcrumb":{"@id":"https:\/\/www.tenisdolnilhota.cz\/index.php\/vanocni-turnaj-2018\/#breadcrumb"},"inLanguage":"cs","potentialAction":[{"@type":"ReadAction","target":["https:\/\/www.tenisdolnilhota.cz\/index.php\/vanocni-turnaj-2018\/"]}]},{"@type":"BreadcrumbList","@id":"https:\/\/www.tenisdolnilhota.cz\/index.php\/vanocni-turnaj-2018\/#breadcrumb","itemListElement":[{"@type":"ListItem","position":1,"name":"Dom\u016f","item":"https:\/\/www.tenisdolnilhota.cz\/"},{"@type":"ListItem","position":2,"name":"V\u00e1no\u010dn\u00ed turnaj 2018"}]},{"@type":"WebSite","@id":"https:\/\/www.tenisdolnilhota.cz\/#website","url":"https:\/\/www.tenisdolnilhota.cz\/","name":"Tenisov\u00fd odd\u00edl - TJ SOKOL Doln\u00ed Lhota","description":"","potentialAction":[{"@type":"SearchAction","target":{"@type":"EntryPoint","urlTemplate":"https:\/\/www.tenisdolnilhota.cz\/?s={search_term_string}"},"query-input":{"@type":"PropertyValueSpecification","valueRequired":true,"valueName":"search_term_string"}}],"inLanguage":"cs"}]}},"uagb_featured_image_src":{"full":false,"thumbnail":false,"medium":false,"medium_large":false,"large":false,"1536x1536":false,"2048x2048":false,"widget-thumb":false,"sow-carousel-default":false},"uagb_author_info":{"display_name":"Michal Opat","author_link":"https:\/\/www.tenisdolnilhota.cz\/index.php\/author\/opat\/"},"uagb_comment_info":0,"uagb_excerpt":null,"_links":{"self":[{"href":"https:\/\/www.tenisdolnilhota.cz\/index.php\/wp-json\/wp\/v2\/pages\/2377","targetHints":{"allow":["GET"]}}],"collection":[{"href":"https:\/\/www.tenisdolnilhota.cz\/index.php\/wp-json\/wp\/v2\/pages"}],"about":[{"href":"https:\/\/www.tenisdolnilhota.cz\/index.php\/wp-json\/wp\/v2\/types\/page"}],"author":[{"embeddable":true,"href":"https:\/\/www.tenisdolnilhota.cz\/index.php\/wp-json\/wp\/v2\/users\/2"}],"replies":[{"embeddable":true,"href":"https:\/\/www.tenisdolnilhota.cz\/index.php\/wp-json\/wp\/v2\/comments?post=2377"}],"version-history":[{"count":2,"href":"https:\/\/www.tenisdolnilhota.cz\/index.php\/wp-json\/wp\/v2\/pages\/2377\/revisions"}],"predecessor-version":[{"id":2397,"href":"https:\/\/www.tenisdolnilhota.cz\/index.php\/wp-json\/wp\/v2\/pages\/2377\/revisions\/2397"}],"wp:attachment":[{"href":"https:\/\/www.tenisdolnilhota.cz\/index.php\/wp-json\/wp\/v2\/media?parent=2377"}],"curies":[{"name":"wp","href":"https:\/\/api.w.org\/{rel}","templated":true}]}}